{"id":989602,"date":"2022-02-27T20:09:31","date_gmt":"2022-02-27T20:09:31","guid":{"rendered":"https:\/\/www.ebikers.sk\/pravidla-ochrany-osobnych-udajov\/"},"modified":"2022-05-12T10:47:38","modified_gmt":"2022-05-12T10:47:38","slug":"szemelyes-adatok-vedelmi-szabalyai","status":"publish","type":"page","link":"https:\/\/www.ebikers.sk\/hu\/szemelyes-adatok-vedelmi-szabalyai\/","title":{"rendered":"SZEM\u00c9LYES ADATOK V\u00c9DELMI SZAB\u00c1LYAI"},"content":{"rendered":"<div class=\"vgblk-rw-wrapper limit-wrapper\"><a href=\"https:\/\/www.ebikers.sk\/wp-content\/uploads\/2022\/05\/CK-CoolTour.sk-GDPR-HU.pdf\" target=\"_self\" role=\"button\" rel=\"noopener\">\n\t\t\t\t\tLET\u00d6LT\u00c9S VAGY MEGNYIT\u00c1S A BEK\u00d6VETKEZ\u0150 ABLAKOT  \u2192\n\t<\/a><\/div><!-- .vgblk-rw-wrapper -->","protected":false},"excerpt":{"rendered":"<p>LET\u00d6LT\u00c9S VAGY MEGNYIT\u00c1S A BEK\u00d6VETKEZ\u0150 ABLAKOT \u2192<\/p>\n","protected":false},"author":1,"featured_media":0,"parent":0,"menu_order":0,"comment_status":"closed","ping_status":"closed","template":"","meta":{"inline_featured_image":false,"footnotes":""},"class_list":["post-989602","page","type-page","status-publish","hentry"],"_links":{"self":[{"href":"https:\/\/www.ebikers.sk\/hu\/wp-json\/wp\/v2\/pages\/989602"}],"collection":[{"href":"https:\/\/www.ebikers.sk\/hu\/wp-json\/wp\/v2\/pages"}],"about":[{"href":"https:\/\/www.ebikers.sk\/hu\/wp-json\/wp\/v2\/types\/page"}],"author":[{"embeddable":true,"href":"https:\/\/www.ebikers.sk\/hu\/wp-json\/wp\/v2\/users\/1"}],"replies":[{"embeddable":true,"href":"https:\/\/www.ebikers.sk\/hu\/wp-json\/wp\/v2\/comments?post=989602"}],"version-history":[{"count":7,"href":"https:\/\/www.ebikers.sk\/hu\/wp-json\/wp\/v2\/pages\/989602\/revisions"}],"predecessor-version":[{"id":989976,"href":"https:\/\/www.ebikers.sk\/hu\/wp-json\/wp\/v2\/pages\/989602\/revisions\/989976"}],"wp:attachment":[{"href":"https:\/\/www.ebikers.sk\/hu\/wp-json\/wp\/v2\/media?parent=989602"}],"curies":[{"name":"wp","href":"https:\/\/api.w.org\/{rel}","templated":true}]}}