{"id":989571,"date":"2022-03-01T17:09:04","date_gmt":"2022-03-01T17:09:04","guid":{"rendered":"https:\/\/www.ebikers.sk\/politika-cookies\/"},"modified":"2022-05-10T10:24:35","modified_gmt":"2022-05-10T10:24:35","slug":"politika-cookies","status":"publish","type":"page","link":"https:\/\/www.ebikers.sk\/hu\/politika-cookies\/","title":{"rendered":"Politika Cookies"},"content":{"rendered":"<div class=\"vgblk-rw-wrapper limit-wrapper\">\n<h1 class=\"title\">Politika t\u00fdkaj\u00faca sa s\u00faborov cookie<\/h1>\n<h4>Na zabezpe\u010denie riadneho fungovania webov\u00fdch s\u00eddel, uklad\u00e1me niekedy vo va\u0161om zariaden\u00ed mal\u00e9 d\u00e1tov\u00e9 s\u00fabory, tzv. s\u00fabory cookie.<\/h4>\n<h2><\/h2>\n<h2 id=\"k-comu-cookies-pouzivame\">K \u010domu cookies pou\u017e\u00edvame?<\/h2>\n<p>Cookies pom\u00e1haj\u00fa k V\u00e1\u0161mu efekt\u00edvnemu prehliadaniu webov\u00fdch str\u00e1nok, ich rozvoju a rovnako zobrazovaniu reklamn\u00fdch ozn\u00e1men\u00ed.<\/p>\n<p>Cookies sl\u00fa\u017ei najm\u00e4 na:<\/p>\n<ul>\n<li>Zaistenie spr\u00e1vnej funk\u010dnosti na\u0161ich webov\u00fdch str\u00e1nok, aby Va\u0161e \u010dinnosti pri vypl\u0148ovan\u00ed formul\u00e1rov a v klientskej sekcii boli maxim\u00e1lne predikt\u00edvne.<\/li>\n<li>Zaistenie bezpe\u010dn\u00e9ho prihl\u00e1senia, na overovanie u\u017e\u00edvate\u013eov, k prevencii podvodn\u00e9ho vyu\u017e\u00edvania prihlasovac\u00edch poveren\u00ed a k ochrane u\u017e\u00edvate\u013esk\u00fdch d\u00e1t pred pr\u00edstupom neautorizovan\u00fdch str\u00e1n.<\/li>\n<li>Ulo\u017eenie prihlasovac\u00edch \u00fadajov na\u0161ich z\u00e1kazn\u00edkov, ktor\u00e9 nemusia zaka\u017ed\u00fdm znovu zad\u00e1va\u0165.<\/li>\n<li>Zaistenie vzh\u013eadu webov\u00fdch str\u00e1nok vzh\u013eadom k preferenci\u00e1m a po\u017eiadavk\u00e1m n\u00e1v\u0161tevn\u00edkov.<\/li>\n<li>Anal\u00fdzu n\u00e1v\u0161tevnosti, chovania, preferenci\u00ed a z\u00e1ujmov u\u017e\u00edvate\u013eov.<\/li>\n<li>Pon\u00fakanie reklamy u\u017e\u00edvate\u013eom u v\u0161etk\u00fdch na\u0161ich partnerov.<\/li>\n<\/ul>\n<h2 id=\"cookie-pravidla\">Cookie pravidl\u00e1<\/h2>\n<ol>\n<li>V zmysle Smernice Eur\u00f3pskeho parlamentu a Rady 2002\/58 \/ ES o s\u00fakrom\u00ed a elektronick\u00fdch komunik\u00e1ci\u00e1ch pova\u017eujeme za potrebn\u00e9 jasne a presne \u0165a informova\u0165 o \u00fa\u010dele cookies a inform\u00e1ci\u00e1ch, ktor\u00e9 sa ukladaj\u00fa do zariadenia (po\u010d\u00edta\u010d, Tablet, mobiln\u00fd telef\u00f3n, \u2026), ktor\u00e9 pri pou\u017e\u00edvan\u00ed internetovej str\u00e1nky vyu\u017e\u00edva\u0161.<\/li>\n<li>Ak chce\u0161 naplno vyu\u017ei\u0165 funkcie a slu\u017eby, ktor\u00e9 pon\u00faka na\u0161a internetov\u00e1 str\u00e1nka, tvoje zariadenie mus\u00ed ma\u0165 povolen\u00e9 tzv. Cookies, preto\u017ee niektor\u00e9 funkcie internetov\u00e9 str\u00e1nky teda webu m\u00f4\u017eeme poskytova\u0165 len s vyu\u017eit\u00edm cookies.<\/li>\n<li>Pomocou cookies sk\u00famame \u00fa\u010dinnos\u0165 dizajnu webu internetovej prezent\u00e1cie a z\u00e1rove\u0148 aj rekl\u00e1m a in\u00fdch prvkov na nej zobrazen\u00fdch, a tie\u017e n\u00e1m pom\u00e1haj\u00fa pri overovan\u00ed tvojej toto\u017enosti v pr\u00edpadoch, ke\u010f je to potrebn\u00e9.<\/li>\n<li>Pou\u017eit\u00edm na\u0161ej internetovej str\u00e1nky s\u00fahlas\u00ed\u0161 s pou\u017e\u00edvan\u00edm cookies tak, ako je to uveden\u00e9 v t\u00fdchto na\u0161ich Cookie pravidl\u00e1ch.<\/li>\n<\/ol>\n<h2 id=\"co-su-to-cookies\">\u010co s\u00fa to cookies?<\/h2>\n<ul>\n<li>Ak pou\u017e\u00edva\u0161 na\u0161u internetov\u00fa str\u00e1nku, m\u00f4\u017eeme uklada\u0165 ur\u010dit\u00e9 inform\u00e1cie o tvojom zariaden\u00ed vo forme u\u017eito\u010dn\u00e9ho s\u00faboru zn\u00e1meho ako \u201ecookie\u201c. Cookies s\u00fa pou\u017e\u00edvan\u00e9 na zlep\u0161enie z\u00e1\u017eitku zo skoro ka\u017edej internetovej str\u00e1nky, vr\u00e1tane tej na\u0161ej.<\/li>\n<li>Cookies s\u00fa mal\u00e9 textov\u00e9 s\u00fabory, ktor\u00e9 s\u00fa stiahnut\u00e9 do tvojho zariadenia, ke\u010f pou\u017e\u00edva\u0161 internetov\u00fa str\u00e1nku. Internetov\u00e1 str\u00e1nka m\u00f4\u017ee na\u010d\u00edta\u0165 tieto s\u00fabory cookie z tvojho internetov\u00e9ho prehliada\u010da (napr. Internet Explorer, Mozilla Firefox alebo Google Chrome) zaka\u017ed\u00fdm, ke\u010f ju pou\u017e\u00edva\u0161, a tak si \u0165a m\u00f4\u017eeme rozpozna\u0165 a zapam\u00e4ta\u0165 si tvoje preferencie a nastavenia.<\/li>\n<li>Cookies s\u00fa ve\u013emi u\u017eito\u010dn\u00e9 a s\u00fa be\u017ene pou\u017e\u00edvan\u00e9 takmer ka\u017edou internetovou str\u00e1nkou. Z bezpe\u010dnostn\u00fdch d\u00f4vodov ve\u013ea internetov\u00fdch str\u00e1nok nefunguje v\u00f4bec bez pou\u017eitia cookies (alebo in\u00fdch podobn\u00fdch technol\u00f3gi\u00ed, ako s\u00fa napr\u00edklad \u201eweb beacons\u201c alebo \u201etags\u201c).<\/li>\n<li>Cookies vo v\u0161eobecnosti nemaj\u00fa \u017eiadne inform\u00e1cie sl\u00fa\u017eiace na identifik\u00e1ciu jednotliv\u00fdch os\u00f4b, ale namiesto toho sa pou\u017e\u00edvaj\u00fa na identifik\u00e1ciu prehliada\u010da na konkr\u00e9tnom zariaden\u00ed.<\/li>\n<li>Cookies m\u00f4\u017eu by\u0165 do\u010dasn\u00e9 alebo trval\u00e9, v z\u00e1vislosti na tom, ako dlho s\u00fa pou\u017e\u00edvan\u00e9: Do\u010dasn\u00e9 cookies trvaj\u00fa len v priebehu tvojho online pr\u00edstupu a zmizne z tvojho zariaden\u00ed po zatvoren\u00ed prehliada\u010da.<br \/>\nTrval\u00e9 cookies zostan\u00fa vo tvojom zariaden\u00ed aj po zatvoren\u00ed prehliada\u010da po dobu uveden\u00fa v cookies. Tieto trval\u00e9 cookies m\u00f4\u017eu by\u0165 kontrolovate\u013en\u00e9 pri ka\u017edej n\u00e1v\u0161teve internetov\u00e9 str\u00e1nky.<\/li>\n<\/ul>\n<p>&nbsp;<\/p>\n<h2 id=\"ake-informacie-o-mne-maju-subory-cookie\">Ak\u00e9 inform\u00e1cie o mne maj\u00fa s\u00fabory cookie?<\/h2>\n<p>V podstate sme u\u017e zistili, \u017ee s\u00fabory cookie s\u00fa&nbsp;<strong>mal\u00e9 textov\u00e9 s\u00fabory, ktor\u00e9 s\u00fa zodpovedn\u00e9 za informovanie zna\u010diek a spolo\u010dnost\u00ed, ktor\u00e9 ich generuj\u00fa, o na\u0161ej aktivite a spr\u00e1van\u00ed na internete.<\/strong>&nbsp;Takto n\u00e1m m\u00f4\u017eu pon\u00faka\u0165 konkr\u00e9tne produkty alebo slu\u017eby.<\/p>\n<p>Okrem in\u00e9ho, \u200b\u200bpon\u00faknu\u0165 n\u00e1m tieto produkty alebo slu\u017eby&nbsp;<strong>uklada\u0165 tento typ inform\u00e1ci\u00ed o n\u00e1s:<\/strong><\/p>\n<ul>\n<li>E-mailov\u00e9 adresy a hesl\u00e1.<\/li>\n<li>Telef\u00f3nne \u010d\u00edslo a adresa.<\/li>\n<li>Na\u0161a IP adresa.<\/li>\n<li>Opera\u010dn\u00fd syst\u00e9m n\u00e1\u0161ho po\u010d\u00edta\u010da.<\/li>\n<li>Prehliada\u010d, ktor\u00fd pou\u017e\u00edvame.<\/li>\n<li>Ned\u00e1vna hist\u00f3ria prehliadania.<\/li>\n<\/ul>\n<h2 id=\"typy-cookies-a-ako-dlho-cookies-uchovavame\">Typy cookies a ako dlho cookies uchov\u00e1vame?<\/h2>\n<p>Webov\u00e1 str\u00e1nka www.inkaravany.sk pou\u017e\u00edva nasledovn\u00e9 typy cookies pod\u013ea ich funkci\u00ed:<\/p>\n<ul>\n<li><strong>Nutn\u00e9<\/strong> \u2013 ide o cookies, ktor\u00e9 s\u00fa nevyhnutn\u00e9 pre fungovanie webov\u00fdch str\u00e1nok.<\/li>\n<li><strong>\u0160tatistick\u00e9<\/strong> \u2013 ide o cookies, ktor\u00e9 zais\u0165uj\u00fa inform\u00e1cie o tom, odkia\u013e n\u00e1v\u0161tevn\u00edci pr\u00edchadzaj\u00fa, ak\u00e9 vyh\u013ead\u00e1vacie zariadenie bolo vyu\u017eit\u00e9, dobu n\u00e1v\u0161tevy na webovej str\u00e1nke, sp\u00f4sob vyu\u017e\u00edvania webovej str\u00e1nky, pr\u00edpadne chovanie n\u00e1v\u0161tevn\u00edka.;<\/li>\n<li><strong>Marketingov\u00e9<\/strong> \u2013 zhroma\u017e\u010fuje inform\u00e1cie za \u00fa\u010delom prisp\u00f4sobenia pon\u00fakanej reklamy z\u00e1ujmom z\u00e1kazn\u00edka, prepojenie so soci\u00e1lnou sie\u0165ou, zobrazovanie pon\u00fak inzerentov tret\u00edch str\u00e1n, hodnotenie efektivity reklamy cez webov\u00e9 str\u00e1nky, hl\u00e1senie krokov u\u017e\u00edvate\u013eov na webovej str\u00e1nke, kliknutie na reklamu partnera \u010di inzerenta.<\/li>\n<\/ul>\n<figure class=\"wp-block-table\">\n<table>\n<thead>\n<tr>\n<td>N\u00e1zov cookie<\/td>\n<td>Vystavite\u013e<\/td>\n<td>Kateg\u00f3rie<\/td>\n<td>Popis<\/td>\n<td>D\u013a\u017eka trvania<\/td>\n<\/tr>\n<\/thead>\n<tbody>\n<tr>\n<td>_fbp<\/td>\n<td>.inkaravany.sk<\/td>\n<td>Marketingov\u00e9<\/td>\n<td>Tento s\u00fabor cookie je nastaven\u00fd spolo\u010dnos\u0165ou Facebook, aby po n\u00e1v\u0161teve webovej str\u00e1nky zobrazoval reklamy bu\u010f na Facebooku alebo na digit\u00e1lnej platforme poh\u00e1\u0148anou reklamou na Facebooku.<\/td>\n<td>3 mesiace<\/td>\n<\/tr>\n<tr>\n<td>fr<\/td>\n<td>.facebook.com<\/td>\n<td>Marketingov\u00e9<\/td>\n<td>Facebook nastavuje tento s\u00fabor cookie tak, aby u\u017e\u00edvate\u013eom zobrazoval relevantn\u00e9 reklamy, sledoval chovanie u\u017e\u00edvate\u013eov na webe, na str\u00e1nkach, ktor\u00e9 maj\u00fa Facebook pixel alebo soci\u00e1lny plugin Facebooku.<\/td>\n<td>3 mesiace<\/td>\n<\/tr>\n<tr>\n<td>_gcl_au<\/td>\n<td>.inkaravany.sk<\/td>\n<td>\u0160tatistick\u00e9<\/td>\n<td>Poskytuje Google Tag Manager k experimentovaniu s \u00fa\u010dinnos\u0165ou inzercie webov\u00fdch str\u00e1nok vyu\u017e\u00edvaj\u00facich ich slu\u017eby.<\/td>\n<td>3 mesiace<\/td>\n<\/tr>\n<tr>\n<td>_ga<\/td>\n<td>.inkaravany.sk<\/td>\n<td>\u0160tatistick\u00e9<\/td>\n<td>S\u00fabor cookie _ga, nain\u0161talovan\u00fd slu\u017ebou Google Analytics, vypo\u010d\u00edta \u00fadaje o n\u00e1v\u0161tevn\u00edkoch, rel\u00e1ci\u00e1ch a kampaniach, a tie\u017e sleduje vyu\u017eitie webu pre analytick\u00fd preh\u013ead webu. Soubor cookie uklad\u00e1 inform\u00e1cie anonymne a prira\u010fuje n\u00e1hodne vygenerovan\u00e9 \u010d\u00edslo k rozpoznaniu unik\u00e1tnych n\u00e1v\u0161tevn\u00edkov.<\/td>\n<td>2 roky<\/td>\n<\/tr>\n<tr>\n<td>_gid<\/td>\n<td>.inkaravany.sk<\/td>\n<td>\u0160tatistick\u00e9<\/td>\n<td>Soubor cookie _gid nain\u0161talovan\u00fd slu\u017ebou Google Analytics uklad\u00e1 inform\u00e1cie o tom, ako n\u00e1v\u0161tevn\u00edci pou\u017e\u00edvaj\u00fa webov\u00fa str\u00e1nku, a z\u00e1rove\u0148 vytv\u00e1raj\u00fa analytick\u00fa spr\u00e1vu o v\u00fdkone webu. Niektor\u00e9 d\u00e1ta, ktor\u00e9 s\u00fa zhroma\u017e\u010fovan\u00e9, zahr\u0148uj\u00fa po\u010det n\u00e1v\u0161tevn\u00edkov, ich zdroj a str\u00e1nky, ktor\u00e9 anonymne nav\u0161tevuj\u00fa.<\/td>\n<td>1 de\u0148<\/td>\n<\/tr>\n<tr>\n<td>_gat_UA-217271574-4<\/p>\n<div class=\"_GAtcb\">\n<div class=\"_GATH\"><\/div>\n<\/div>\n<\/td>\n<td>.inkaravany.sk<\/td>\n<td>\u0160tatistick\u00e9<\/td>\n<td>Varianta s\u00faboru cookie _gat nastaven\u00e9ho slu\u017ebami Google Analytics a Spr\u00e1vcom zna\u010diek Google, ktor\u00fd umo\u017e\u0148uje vlastn\u00edkom webov\u00fdch str\u00e1nok sledova\u0165 chovanie n\u00e1v\u0161tevn\u00edkov a mera\u0165 v\u00fdkon webu. Prvok vzoru v n\u00e1zvu obsahuje jedine\u010dn\u00e9 identifika\u010dn\u00e9 \u010d\u00edslo \u00fa\u010dtu alebo webovej str\u00e1nky, ku ktor\u00e9mu sa vz\u0165ahuje.<\/td>\n<td>\u2013<\/td>\n<\/tr>\n<\/tbody>\n<\/table>\n<\/figure>\n<p>Podmienky spracovania osobn\u00fdch \u00fadajov n\u00e1jdete tu.<\/p>\n<p>V r\u00e1mci na\u0161ich marketingov\u00fdch aktiv\u00edt vyu\u017e\u00edvame d\u00e1ta z\u00edskan\u00e9 prostredn\u00edctvom cookies v spolupr\u00e1ci s tret\u00edmi stranami uveden\u00fdmi ni\u017e\u0161ie, aby sme mohli zacieli\u0165 na\u0161e reklamn\u00e9 posolstvo na osoby, ktor\u00e9 u\u017e v minulosti na\u0161u webov\u00fa str\u00e1nku nav\u0161t\u00edvili. Pok\u00fdm chcete t\u00fato mo\u017enos\u0165 zak\u00e1za\u0165, obr\u00e1\u0165te sa, pros\u00edm, priamo na na\u0161e spolupracuj\u00face tretie strany.<\/p>\n<ul>\n<li>Facebook (Facebook Ireland Ltd.):&nbsp;<a href=\"https:\/\/cs-cz.facebook.com\/\" target=\"_blank\" rel=\"noreferrer noopener nofollow\">https:\/\/cs-cz.facebook.com<\/a><\/li>\n<li>Google (Google Ireland Ltd.):&nbsp;<a href=\"https:\/\/adssettings.google.com\/\" target=\"_blank\" rel=\"noreferrer noopener nofollow\">https:\/\/adssettings.google.com<\/a><\/li>\n<\/ul>\n<p>Bli\u017e\u0161ie inform\u00e1cie o n\u00e1strojoch, ktor\u00e9 n\u00e1m pre na\u0161e marketingov\u00e9 aktivity vy\u0161\u0161ie uveden\u00ed partneri poskytuj\u00fa, n\u00e1jdete tu:<\/p>\n<ul>\n<li>Facebook (Facebook Ireland Ltd.):&nbsp;<a href=\"https:\/\/www.facebook.com\/business\/ads\/dynamic-ads\" target=\"_blank\" rel=\"noreferrer noopener nofollow\">https:\/\/www.facebook.com\/business\/ads\/dynamic-ads<\/a><\/li>\n<li>Google (Google Ireland Ltd.):&nbsp;<a href=\"https:\/\/support.google.com\/googleads\/answer\/2453998?hl=cs\" target=\"_blank\" rel=\"noreferrer noopener nofollow\">https:\/\/support.google.com\/googleads\/answer\/2453998?hl=cs<\/a><\/li>\n<\/ul>\n<\/div>\n<p><!-- .vgblk-rw-wrapper --><\/p>\n","protected":false},"excerpt":{"rendered":"<p>Politika t\u00fdkaj\u00faca sa s\u00faborov cookie Na zabezpe\u010denie riadneho fungovania webov\u00fdch s\u00eddel, uklad\u00e1me niekedy vo va\u0161om zariaden\u00ed mal\u00e9 d\u00e1tov\u00e9 s\u00fabory, tzv. s\u00fabory cookie. K \u010domu cookies pou\u017e\u00edvame? Cookies pom\u00e1haj\u00fa k V\u00e1\u0161mu efekt\u00edvnemu prehliadaniu webov\u00fdch str\u00e1nok, ich rozvoju a rovnako zobrazovaniu reklamn\u00fdch ozn\u00e1men\u00ed. Cookies sl\u00fa\u017ei najm\u00e4 na: Zaistenie spr\u00e1vnej funk\u010dnosti na\u0161ich webov\u00fdch str\u00e1nok, aby Va\u0161e \u010dinnosti pri&#8230;<\/p>\n","protected":false},"author":1,"featured_media":0,"parent":0,"menu_order":0,"comment_status":"closed","ping_status":"closed","template":"","meta":{"inline_featured_image":false,"footnotes":""},"class_list":["post-989571","page","type-page","status-publish","hentry"],"_links":{"self":[{"href":"https:\/\/www.ebikers.sk\/hu\/wp-json\/wp\/v2\/pages\/989571"}],"collection":[{"href":"https:\/\/www.ebikers.sk\/hu\/wp-json\/wp\/v2\/pages"}],"about":[{"href":"https:\/\/www.ebikers.sk\/hu\/wp-json\/wp\/v2\/types\/page"}],"author":[{"embeddable":true,"href":"https:\/\/www.ebikers.sk\/hu\/wp-json\/wp\/v2\/users\/1"}],"replies":[{"embeddable":true,"href":"https:\/\/www.ebikers.sk\/hu\/wp-json\/wp\/v2\/comments?post=989571"}],"version-history":[{"count":1,"href":"https:\/\/www.ebikers.sk\/hu\/wp-json\/wp\/v2\/pages\/989571\/revisions"}],"predecessor-version":[{"id":989573,"href":"https:\/\/www.ebikers.sk\/hu\/wp-json\/wp\/v2\/pages\/989571\/revisions\/989573"}],"wp:attachment":[{"href":"https:\/\/www.ebikers.sk\/hu\/wp-json\/wp\/v2\/media?parent=989571"}],"curies":[{"name":"wp","href":"https:\/\/api.w.org\/{rel}","templated":true}]}}