{"id":989558,"date":"2018-05-20T09:10:25","date_gmt":"2018-05-20T09:10:25","guid":{"rendered":"https:\/\/www.ebikers.sk\/kontakt\/"},"modified":"2023-05-18T18:19:46","modified_gmt":"2023-05-18T18:19:46","slug":"kontakt","status":"publish","type":"page","link":"https:\/\/www.ebikers.sk\/hu\/kontakt\/","title":{"rendered":"Kontakt"},"content":{"rendered":"<div class=\"vgblk-rw-wrapper limit-wrapper\"><h2>\n\tFedezze fel a r\u00e9gi\u00f3 kincseit e-ker\u00e9kp\u00e1rral!\n\t<\/h2>\n<h6>\n\tFoglal\u00e1s\u00e1t a nyitvatart\u00e1si id\u0151n k\u00edv\u00fcl is kiadjuk!\n\t<\/h6>\n<h4>\n\tKapcsolat\n\t<\/h4>\n\t<h4><strong>K\u00f6lcs\u00f6nz\u0151: EbikeRS<\/strong><\/h4>\n<p><strong>Kapcsolattart\u00f3 szem\u00e9lyek<\/strong>: Cs\u00fasz Bal\u00e1zs \u00e9s Varga G\u00e1bor<\/p>\n<strong>K\u00f6lcs\u00f6nz\u0151 c\u00edme<\/strong>: Sedliacka 1185\/60,<br \/>\n979 01 Rimavsk\u00e1 Sobota\n<strong>Telefon<\/strong>: \u00a0\u00a0<a href=\"tel:+421908604776\">+421 908 604 776<\/a><br \/>\n<strong>E-mail<\/strong>: <a href=\"mailto:ebikers.sk@gmail.com\">ebikers.sk@gmail.com<\/a>\n\t\t\t\t\t\t\t<img decoding=\"async\" src=\"https:\/\/www.ebikers.sk\/wp-content\/uploads\/2023\/05\/MicrosoftTeams-image-22.jpg\" alt=\"MicrosoftTeams-image\" itemprop=\"image\" height=\"1500\" width=\"2000\" title=\"MicrosoftTeams-image\" onerror=\"this.style.display='none'\"  sizes=\"(max-width: 768px) 100vw, 100vw\" srcset=\"https:\/\/www.ebikers.sk\/wp-content\/uploads\/2023\/05\/MicrosoftTeams-image-22.jpg 2000w, https:\/\/www.ebikers.sk\/wp-content\/uploads\/2023\/05\/MicrosoftTeams-image-22-300x225.jpg 300w, https:\/\/www.ebikers.sk\/wp-content\/uploads\/2023\/05\/MicrosoftTeams-image-22-1024x768.jpg 1024w, https:\/\/www.ebikers.sk\/wp-content\/uploads\/2023\/05\/MicrosoftTeams-image-22-768x576.jpg 768w, https:\/\/www.ebikers.sk\/wp-content\/uploads\/2023\/05\/MicrosoftTeams-image-22-1536x1152.jpg 1536w, https:\/\/www.ebikers.sk\/wp-content\/uploads\/2023\/05\/MicrosoftTeams-image-22-1260x945.jpg 1260w, https:\/\/www.ebikers.sk\/wp-content\/uploads\/2023\/05\/MicrosoftTeams-image-22-630x473.jpg 630w, https:\/\/www.ebikers.sk\/wp-content\/uploads\/2023\/05\/MicrosoftTeams-image-22-420x315.jpg 420w, https:\/\/www.ebikers.sk\/wp-content\/uploads\/2023\/05\/MicrosoftTeams-image-22-840x630.jpg 840w, https:\/\/www.ebikers.sk\/wp-content\/uploads\/2023\/05\/MicrosoftTeams-image-22-315x236.jpg 315w\" \/>\t\t\t\t\t\t\t\n<h4>\n\tSz\u00e1ml\u00e1z\u00e1si adatok\n\t<\/h4>\n\t<strong>\u00a0CoolTour.sk s. r. o.<\/strong><br \/>\n<strong>ID<\/strong>: 50647563<br \/>\n<strong>\u00c1FA sz\u00e1m<\/strong>: 2120415396\n<strong>IBAN<\/strong>: SK84 0200 0000 0038 4769 6756<br \/>\n<strong>C\u00e9g sz\u00e9khelye<\/strong>: Tehlov\u00e1 1496\/4, 979 01 Rimaszombat, Szlov\u00e1kia\n<h4>\n\tNyitvatart\u00e1si id\u0151pontok\n\t<\/h4>\n\th\u00e9tf\u0151t\u0151l &#8211; p\u00e9ntekig<br \/>\n<strong>14:00 \u00e9s 18:00 \u00f3ra k\u00f6z\u00f6tt<\/strong>\nszombat \u00e9s vas\u00e1rnap<br \/>\n<strong>09:00 \u00e9s 12:00 \u00f3ra k\u00f6z\u00f6tt<\/strong>\n<p><strong>Foglal\u00e1s\u00e1t a nyitvatart\u00e1si id\u0151n k\u00edv\u00fcl is kiadjuk!<\/strong><\/p>\n\t\t<iframe src=\"https:\/\/maps.google.com\/maps?q=Rimavsk%C3%A1+Sobota&#038;iwloc=near&#038;output=embed\" height=\"280\" frameborder=\"0\" loading=\"lazy\"><\/iframe>\n\t\n            <div \n                class=\"elfsight-widget-form-builder elfsight-widget\" \n                data-elfsight-form-builder-options=\"%7B%22ei%22%3A%22%22%2C%22fields%22%3A%5B%7B%22type%22%3A%22text%22%2C%22placeholder%22%3A%22Csaba%22%2C%22description%22%3A%22%22%2C%22label%22%3A%22Keresztn%5Cu00e9v%22%2C%22required%22%3Atrue%2C%22columnWidth%22%3A50%2C%22id%22%3A%22%5Bkeresztn%5Cu00e9v%5D%22%7D%2C%7B%22type%22%3A%22text%22%2C%22placeholder%22%3A%22Nagy%22%2C%22description%22%3A%22%22%2C%22label%22%3A%22Vezet%5Cu00e9kn%5Cu00e9v%22%2C%22required%22%3Atrue%2C%22columnWidth%22%3A50%2C%22id%22%3A%22%5Bvezet%5Cu00e9kn%5Cu00e9v%5D%22%7D%2C%7B%22type%22%3A%22email%22%2C%22label%22%3A%22E-mail%20%22%2C%22description%22%3A%22%22%2C%22placeholder%22%3A%22Az%20%5Cu00d6n%20e-mail%20c%5Cu00edm%5Cu00e9t%22%2C%22required%22%3Atrue%2C%22columnWidth%22%3A50%2C%22id%22%3A%22%5Be-mail-%5D%22%7D%2C%7B%22type%22%3A%22phone%22%2C%22label%22%3A%22Telefon%22%2C%22placeholder%22%3A%22%2B36%20xxx%20xxx%20xxx%22%2C%22description%22%3A%22%22%2C%22required%22%3Atrue%2C%22columnWidth%22%3A50%2C%22id%22%3A%22%5Btelefon%5D%22%7D%2C%7B%22type%22%3A%22textarea%22%2C%22label%22%3A%22%5Cu00dczenet%20vagy%20k%5Cu00e9rd%5Cu00e9s%22%2C%22description%22%3A%22%22%2C%22placeholder%22%3A%22Mondja%20el%20nek%5Cu00fcnk%20r%5Cu00f6viden%20ig%5Cu00e9nyeit%22%2C%22required%22%3Atrue%2C%22columnWidth%22%3A100%2C%22id%22%3A%22%5B%5Cu00fczenet-vagy-k%5Cu00e9rd%5Cu00e9s%5D%22%7D%2C%7B%22type%22%3A%22divider%22%2C%22label%22%3A%22Divider%22%2C%22name%22%3A%22%22%2C%22placeholder%22%3A%22%22%2C%22options%22%3A%22Option%201%5CnOption%202%22%2C%22scaleNumbersMin%22%3A1%2C%22scaleNumbersMax%22%3A10%2C%22leftCaption%22%3A%22Not%20likely%22%2C%22rightCaption%22%3A%22Very%20likely%22%2C%22fileLinkCaption%22%3A%22Choose%20file%22%2C%22fileDragCaption%22%3A%22or%20drag%20%26%20drop%20here%22%2C%22text%22%3A%22Text%22%2C%22title%22%3A%22Heading%22%2C%22caption%22%3A%22%22%2C%22value%22%3A%22%22%2C%22labelText%22%3A%22Label%22%2C%22dateTime%22%3A%22date%22%2C%22dateFormat%22%3A%22d.m.Y%22%2C%22timeFormat%22%3A%22H%3Ai%22%2C%22starsCount%22%3A5%2C%22required%22%3Afalse%2C%22description%22%3A%22%22%2C%22columnWidth%22%3A100%2C%22elementColumnWidth%22%3A100%2C%22fileAllowedAll%22%3Atrue%2C%22fileAllowed%22%3A%5B%22.jpg%22%2C%22.jpeg%22%2C%22.png%22%2C%22.gif%22%2C%22.txt%22%2C%22.pdf%22%2C%22.doc%22%2C%22.docx%22%2C%22.pages%22%2C%22.numbers%22%2C%22.xls%22%2C%22.xlsx%22%2C%22.odt%22%2C%22.ppt%22%2C%22.pptx%22%2C%22.pps%22%2C%22.ppsx%22%2C%22.html%22%5D%2C%22fileMax%22%3A25%2C%22fields%22%3A%22%22%2C%22id%22%3A%22%5Bdivider%5D%22%7D%2C%7B%22type%22%3A%22checkbox%22%2C%22label%22%3A%22GDPR%20%5Cu00e9s%20adatv%5Cu00e9delem%22%2C%22name%22%3A%22%22%2C%22placeholder%22%3A%22%22%2C%22options%22%3A%22%3Cem%3EEgyet%26eacute%3Brtek%20a%20szem%26eacute%3Blyes%20adatok%20GDPR%20szab%26aacute%3Blyoz%26aacute%3Bsa%20szerinti%20kezel%26eacute%3Bs%26eacute%3Bvel%20%26eacute%3Bs%20a%20k%26ouml%3Bz%26ouml%3Blt%20k%26uuml%3Bl%26ouml%3Bnleges%20felt%26eacute%3Btelekkel%20%3C%5C%2Fem%3E%3Ca%20href%3D%5C%22https%3A%5C%2F%5C%2Fwww.ebikers.sk%5C%2Fhu%5C%2Fszemelyes-adatok-vedelmi-szabalyai%5C%2F%5C%22%20target%3D%5C%22_blank%5C%22%3E%3Cem%3EADATV%26Eacute%3BDELME%3C%5C%2Fem%3E%3C%5C%2Fa%3E%22%2C%22scaleNumbersMin%22%3A1%2C%22scaleNumbersMax%22%3A10%2C%22leftCaption%22%3A%22Not%20likely%22%2C%22rightCaption%22%3A%22Very%20likely%22%2C%22fileLinkCaption%22%3A%22Choose%20file%22%2C%22fileDragCaption%22%3A%22or%20drag%20%26%20drop%20here%22%2C%22text%22%3A%22Text%22%2C%22title%22%3A%22Heading%22%2C%22caption%22%3A%22%22%2C%22value%22%3A%22%22%2C%22labelText%22%3A%22Label%22%2C%22dateTime%22%3A%22date%22%2C%22dateFormat%22%3A%22d.m.Y%22%2C%22timeFormat%22%3A%22H%3Ai%22%2C%22starsCount%22%3A5%2C%22required%22%3Atrue%2C%22description%22%3A%22%22%2C%22columnWidth%22%3A100%2C%22elementColumnWidth%22%3A100%2C%22fileAllowedAll%22%3Atrue%2C%22fileAllowed%22%3A%5B%22.jpg%22%2C%22.jpeg%22%2C%22.png%22%2C%22.gif%22%2C%22.txt%22%2C%22.pdf%22%2C%22.doc%22%2C%22.docx%22%2C%22.pages%22%2C%22.numbers%22%2C%22.xls%22%2C%22.xlsx%22%2C%22.odt%22%2C%22.ppt%22%2C%22.pptx%22%2C%22.pps%22%2C%22.ppsx%22%2C%22.html%22%5D%2C%22fileMax%22%3A25%2C%22fields%22%3A%22%22%2C%22id%22%3A%22%5Bgdpr-%5Cu00e9s-adatv%5Cu00e9delem%5D%22%7D%5D%2C%22headerActive%22%3Atrue%2C%22headerTitle%22%3A%22KAPCSOLATOS%20%5Cu0170RLAP%22%2C%22headerText%22%3A%22Ha%20k%5Cu00fcl%5Cu00f6nleges%20ig%5Cu00e9nyei%20vagy%20egy%5Cu00e9b%20k%5Cu00e9rd%5Cu00e9sei%20vannak%2C%20k%5Cu00e9rj%5Cu00fck%2C%20haszn%5Cu00e1lja%20ezt%20az%20%5Cu0171rlapot.%22%2C%22headerPictureUrl%22%3A%22message%22%2C%22footerText%22%3A%22%22%2C%22actionAfterSubmit%22%3A%22message%22%2C%22successMessage%22%3A%22%5Cu00dczenet%5Cu00e9t%20sikeresen%20elk%5Cu00fcldt%5Cu00fck%21%20Hamarosan%20v%5Cu00e1laszolunk.%22%2C%22successContinueText%22%3A%22OK%22%2C%22redirectUrl%22%3A%22https%3A%5C%2F%5C%2Fexample.com%22%2C%22submitText%22%3A%22Bek%5Cu00fcld%5Cu00e9s%22%2C%22stepsMessagesDivider%22%3Anull%2C%22stepsMessagesTitle%22%3Anull%2C%22stepsText%22%3A%22step%20%251%20of%20%252%22%2C%22stepBackText%22%3A%22Back%22%2C%22stepNextText%22%3A%22Next%22%2C%22errorMessageAllRequired%22%3A%22K%5Cu00e9rj%5Cu00fck%2C%20t%5Cu00f6ltse%20ki%20az%20%5Cu00f6sszes%20sz%5Cu00fcks%5Cu00e9ges%20mez%5Cu0151t%22%2C%22errorMessageAllIncorrect%22%3A%22K%5Cu00e9rj%5Cu00fck%2C%20t%5Cu00f6ltse%20ki%20helyesen%20az%20%5Cu00f6sszes%20mez%5Cu0151t%22%2C%22errorMessageSetMailTo%22%3A%22K%5Cu00e9rj%5Cu00fck%2C%20adjon%20meg%20egy%20e-mailt%20az%20%5Cu00fczenetek%20k%5Cu00fcld%5Cu00e9s%5Cu00e9hez%22%2C%22errorMessageRequiredCaptcha%22%3A%22K%5Cu00e9rlek%2C%20%5Cu00edrd%20be%20a%20captcha%20k%5Cu00f3dot%22%2C%22errorMessageFileSizeLimit%22%3A%22A%20f%5Cu00e1jlm%5Cu00e9ret%20t%5Cu00fall%5Cu00e9pte%20a%20korl%5Cu00e1tot%22%2C%22errorMessageFileNotAllowed%22%3A%22A%20f%5Cu00e1jl%20kiterjeszt%5Cu00e9se%20nem%20megengedett%22%2C%22errorMessageUnknown%22%3A%22Ismeretlen%20hiba%22%2C%22errorMessageRequired%22%3A%22A%20k%5Cu00f6telez%5Cu0151%20mez%5Cu0151%22%2C%22errorMessageInvalid%22%3A%22%5Cu00c9rv%5Cu00e9nytelen%22%2C%22errorMessageInvalidEmail%22%3A%22%5Cu00c9rv%5Cu00e9nytelen%20e-mail%22%2C%22errorMessageInvalidPhone%22%3A%22%5Cu00c9rv%5Cu00e9nytelen%20telefon%22%2C%22errorMessageInvalidUrl%22%3A%22%5Cu00c9rv%5Cu00e9nytelen%20URL-c%5Cu00edm%22%2C%22calendarWeekdaysShorthand%22%3A%22Ned%5CnPon%5CnUt%5CnStr%5Cn%5Cu0160tv%5CnPia%5CnSo%22%2C%22calendarMonthsLonghand%22%3A%22janu%5Cu00e1r%5Cnfebru%5Cu00e1r%5Cnm%5Cu00e1rcius%5Cn%5Cu00e1prilis%5CnLehet%5Cnj%5Cu00fanius%5Cnj%5Cu00falius%5Cnaugusztus%5Cnszeptember%5Cnokt%5Cu00f3ber%5Cnnovember%5Cndecember%22%2C%22showProgress%22%3Atrue%2C%22recaptchaType%22%3A%22checkbox%22%2C%22integrationsGoogleToken%22%3A%22%22%2C%22integrationsGoogleSheetId%22%3A%22%22%2C%22layout%22%3A%22default%22%2C%22floatingIcon%22%3A%22message%22%2C%22floatingText%22%3A%22%22%2C%22floatingPosition%22%3A%22right%22%2C%22width%22%3A%22850%22%2C%22style%22%3A%22material%22%2C%22mainColor%22%3A%22rgb%28251%2C%20101%2C%200%29%22%2C%22apiUrl%22%3A%22https%3A%5C%2F%5C%2Fwww.ebikers.sk%5C%2Fhu%5C%2Fwp-json%5C%2Felfsight-form-builder%5C%2Fapi%22%2C%22recaptchaKeyCheckbox%22%3A%226LfXGHgUAAAAAHNIE_EH7kEI1l4xvf_ynIlg5bfo%22%2C%22recaptchaKeyInvisible%22%3A%226Ld1CXgUAAAAAFTHmixC1Eo-NP7_3ddB1YOj9AfX%22%2C%22widgetId%22%3A%228%22%7D\" \n                data-elfsight-form-builder-version=\"1.5.1\"\n                data-elfsight-widget-id=\"elfsight-form-builder-8\">\n            <\/div>\n            <\/div><!-- .vgblk-rw-wrapper -->","protected":false},"excerpt":{"rendered":"<p>Fedezze fel a r\u00e9gi\u00f3 kincseit e-ker\u00e9kp\u00e1rral! Foglal\u00e1s\u00e1t a nyitvatart\u00e1si id\u0151n k\u00edv\u00fcl is kiadjuk! Kapcsolat K\u00f6lcs\u00f6nz\u0151: EbikeRS Kapcsolattart\u00f3 szem\u00e9lyek: Cs\u00fasz Bal\u00e1zs \u00e9s Varga G\u00e1bor K\u00f6lcs\u00f6nz\u0151 c\u00edme: Sedliacka 1185\/60, 979 01 Rimavsk\u00e1 Sobota Telefon: \u00a0\u00a0+421 908 604 776 E-mail: ebikers.sk@gmail.com Sz\u00e1ml\u00e1z\u00e1si adatok \u00a0CoolTour.sk s. r. o. ID: 50647563 \u00c1FA sz\u00e1m: 2120415396 IBAN: SK84 0200 0000 0038 4769&#8230;<\/p>\n","protected":false},"author":1,"featured_media":0,"parent":0,"menu_order":0,"comment_status":"closed","ping_status":"closed","template":"","meta":{"inline_featured_image":false,"footnotes":""},"class_list":["post-989558","page","type-page","status-publish","hentry"],"_links":{"self":[{"href":"https:\/\/www.ebikers.sk\/hu\/wp-json\/wp\/v2\/pages\/989558"}],"collection":[{"href":"https:\/\/www.ebikers.sk\/hu\/wp-json\/wp\/v2\/pages"}],"about":[{"href":"https:\/\/www.ebikers.sk\/hu\/wp-json\/wp\/v2\/types\/page"}],"author":[{"embeddable":true,"href":"https:\/\/www.ebikers.sk\/hu\/wp-json\/wp\/v2\/users\/1"}],"replies":[{"embeddable":true,"href":"https:\/\/www.ebikers.sk\/hu\/wp-json\/wp\/v2\/comments?post=989558"}],"version-history":[{"count":21,"href":"https:\/\/www.ebikers.sk\/hu\/wp-json\/wp\/v2\/pages\/989558\/revisions"}],"predecessor-version":[{"id":990342,"href":"https:\/\/www.ebikers.sk\/hu\/wp-json\/wp\/v2\/pages\/989558\/revisions\/990342"}],"wp:attachment":[{"href":"https:\/\/www.ebikers.sk\/hu\/wp-json\/wp\/v2\/media?parent=989558"}],"curies":[{"name":"wp","href":"https:\/\/api.w.org\/{rel}","templated":true}]}}