{"id":990418,"date":"2023-05-22T11:41:29","date_gmt":"2023-05-22T11:41:29","guid":{"rendered":"https:\/\/www.ebikers.sk\/teambuilding\/"},"modified":"2026-03-19T10:03:06","modified_gmt":"2026-03-19T10:03:06","slug":"teambuilding","status":"publish","type":"page","link":"https:\/\/www.ebikers.sk\/en\/teambuilding\/","title":{"rendered":"Teambuilding"},"content":{"rendered":"<div class=\"vgblk-rw-wrapper limit-wrapper\"><h2>TEAMBUILDING EVENTS ON ELECTRIC BIKES!<\/h2>\n<p>&nbsp;<\/p>\n<h2>Dear team, director, manager!<\/h2>\n<h4>Are you planning to organize a teambuilding for your colleagues or your team?<\/h4>\n<h4>So get new energy and get your body moving!<\/h4>\n<h4>Replace the stereotype in the office with an experiential teambuilding in nature.<\/h4>\n<h4>Teambuilding helps to strengthen relationships in the workplace and you get to know your colleagues in a different environment.<\/h4>\n<h4>We offer a day full of adrenaline, fun and sports challenges on e-bikes!<\/h4>\n<p>&nbsp;<\/p>\n<h5><strong>For companies and their employees, we provide:<\/strong><\/h5>\n<h5><em>&#8211; rental of 20 suspension mountain electric bikes<\/em><\/h5>\n<h5><em>&#8211; planning a suitable route for the trip according to the difficulty<\/em><\/h5>\n<h5><em>&#8211; introductory instruction on using electric bikes<\/em><\/h5>\n<h5><em>&#8211; accompaniment by a professional<\/em><\/h5>\n<p>&nbsp;<\/p>\n<h3><strong>Choose a suitable route from our offer:<\/strong><\/h3>\n<h5><em>\u00a0<\/em><\/h5>\n\t\t\t\t\t\t\t<img decoding=\"async\" src=\"https:\/\/www.ebikers.sk\/wp-content\/uploads\/2023\/05\/MicrosoftTeams-image-3.jpg\" alt=\"MicrosoftTeams-image (3)\" itemprop=\"image\" height=\"1500\" width=\"2000\" title=\"MicrosoftTeams-image (3)\" onerror=\"this.style.display='none'\"  sizes=\"(max-width: 768px) 100vw, 100vw\" srcset=\"https:\/\/www.ebikers.sk\/wp-content\/uploads\/2023\/05\/MicrosoftTeams-image-3.jpg 2000w, https:\/\/www.ebikers.sk\/wp-content\/uploads\/2023\/05\/MicrosoftTeams-image-3-300x225.jpg 300w, https:\/\/www.ebikers.sk\/wp-content\/uploads\/2023\/05\/MicrosoftTeams-image-3-1024x768.jpg 1024w, https:\/\/www.ebikers.sk\/wp-content\/uploads\/2023\/05\/MicrosoftTeams-image-3-768x576.jpg 768w, https:\/\/www.ebikers.sk\/wp-content\/uploads\/2023\/05\/MicrosoftTeams-image-3-1536x1152.jpg 1536w, https:\/\/www.ebikers.sk\/wp-content\/uploads\/2023\/05\/MicrosoftTeams-image-3-1260x945.jpg 1260w, https:\/\/www.ebikers.sk\/wp-content\/uploads\/2023\/05\/MicrosoftTeams-image-3-630x473.jpg 630w, https:\/\/www.ebikers.sk\/wp-content\/uploads\/2023\/05\/MicrosoftTeams-image-3-420x315.jpg 420w, https:\/\/www.ebikers.sk\/wp-content\/uploads\/2023\/05\/MicrosoftTeams-image-3-840x630.jpg 840w, https:\/\/www.ebikers.sk\/wp-content\/uploads\/2023\/05\/MicrosoftTeams-image-3-315x236.jpg 315w\" \/>\t\t\t\t\t\t\t\n<h3>\n\tEbikeRS &#8211; Cool\n\t<\/h3>\n\t<ul>\n<li><b>\u010cas\u0165 trasy: <\/b>Rimavsk\u00e1 Sobota &#8211; \u010ceren\u010dany &#8211; Kru\u017eno &#8211; Babin Most &#8211; Antalka &#8211; D\u00fa\u017eava &#8211; Kurinec &#8211; Rimavsk\u00e1 Sobota.<\/li>\n<li><b>Vhodn\u00e9 bicykle: <\/b>e-bike, horsk\u00e9, trekingov\u00e9<\/li>\n<\/ul>\n<h4>\n\tN\u00e1ro\u010dnos\u0165\n\t<\/h4>\n\t\t\t\t\t30\t\t\t\t\n\t\t\t<style>\n\t\t\t\t.fl-node- .fl-number-bars-container {\n\t\t\t\t\tbackground-color: var( --vamtam-accent-color-5 );\n\t\t\t\t}\n\t\t\t\t.fl-node- .fl-number-bar {\n\t\t\t\t\tbackground-color: var( --vamtam-accent-color-1 );\n\t\t\t\t}\n\t\t\t<\/style>\n<h4>\n\t\u010cas trasy\n\t<\/h4>\n<h4>\n\tD\u013a\u017eka trasy\n\t<\/h4>\n<h4>\n\tPrev\u00fd\u0161enie\n\t<\/h4>\n<h4>\n\tTyp cesty\n\t<\/h4>\n<h4>\n\tPre e-bike\n\t<\/h4>\n<h3>\n\tEbikeRS &#8211; Hard\n\t<\/h3>\n\t<ul>\n<li><b>\u010cas\u0165 trasy: <\/b>Rimavsk\u00e1 Sobota &#8211; Padarovce &#8211; Drien\u010dany &#8211; Budikovany &#8211; Tepl\u00fd Vrch &#8211; Ve\u013ek\u00fd Blh &#8211; Dra\u017eice &#8211; Rimavsk\u00e1 Sobota.<\/li>\n<li><b>Vhodn\u00e9 bicykle: <\/b>e-bike, horsk\u00e9, trekingov\u00e9, cestn\u00e9<\/li>\n<\/ul>\n<h4>\n\tN\u00e1ro\u010dnos\u0165\n\t<\/h4>\n\t\t\t\t\t35\t\t\t\t\n\t\t\t<style>\n\t\t\t\t.fl-node- .fl-number-bars-container {\n\t\t\t\t\tbackground-color: var( --vamtam-accent-color-5 );\n\t\t\t\t}\n\t\t\t\t.fl-node- .fl-number-bar {\n\t\t\t\t\tbackground-color: var( --vamtam-accent-color-1 );\n\t\t\t\t}\n\t\t\t<\/style>\n<h4>\n\t\u010cas trasy\n\t<\/h4>\n<h4>\n\tD\u013a\u017eka trasy\n\t<\/h4>\n<h4>\n\tPrev\u00fd\u0161enie\n\t<\/h4>\n<h4>\n\tTyp cesty\n\t<\/h4>\n<h4>\n\tPre e-bike\n\t<\/h4>\n<h3>\n\tEbikeRS &#8211; Hard Rock\n\t<\/h3>\n\t<ul>\n<li><b>\u010cas\u0165 trasy: <\/b>Rimavsk\u00e1 Sobota &#8211; \u010ceren\u010dany &#8211; Vy\u0161n\u00fd Sk\u00e1lnik &#8211; Hrn\u010diarska Ves &#8211; O\u017e\u010fany &#8211; Kru\u017eno &#8211; \u010ceren\u010dany &#8211; Rimavsk\u00e1 Sobota.<\/li>\n<li><b>Vhodn\u00e9 bicykle: <\/b>e-bike, horsk\u00e9, trekingov\u00e9<\/li>\n<\/ul>\n<h4>\n\tN\u00e1ro\u010dnos\u0165\n\t<\/h4>\n\t\t\t\t\t40\t\t\t\t\n\t\t\t<style>\n\t\t\t\t.fl-node- .fl-number-bars-container {\n\t\t\t\t\tbackground-color: var( --vamtam-accent-color-5 );\n\t\t\t\t}\n\t\t\t\t.fl-node- .fl-number-bar {\n\t\t\t\t\tbackground-color: var( --vamtam-accent-color-1 );\n\t\t\t\t}\n\t\t\t<\/style>\n<h4>\n\t\u010cas trasy\n\t<\/h4>\n<h4>\n\tD\u013a\u017eka trasy\n\t<\/h4>\n<h4>\n\tPrev\u00fd\u0161enie\n\t<\/h4>\n<h4>\n\tTyp cesty\n\t<\/h4>\n<h4>\n\tPre e-bike\n\t<\/h4>\n<h3>\n\tEbikeRS &#8211; Metal\n\t<\/h3>\n\t<ul>\n<li><b>\u010cas\u0165 trasy: <\/b>Rimavsk\u00e1 Sobota &#8211; \u010ceren\u010dany &#8211; Vy\u0161n\u00fd Sk\u00e1lnik &#8211; Kraskovo &#8211; Lukovi\u0161tia &#8211; Tepl\u00fd Vrch &#8211; Ve\u013ek\u00fd Blh &#8211; Dra\u017eice &#8211; Rimavsk\u00e1 Sobota.<\/li>\n<li><b>Vhodn\u00e9 bicykle: <\/b>e-bike, horsk\u00e9, trekingov\u00e9<\/li>\n<\/ul>\n<h4>\n\tN\u00e1ro\u010dnos\u0165\n\t<\/h4>\n\t\t\t\t\t50\t\t\t\t\n\t\t\t<style>\n\t\t\t\t.fl-node- .fl-number-bars-container {\n\t\t\t\t\tbackground-color: var( --vamtam-accent-color-5 );\n\t\t\t\t}\n\t\t\t\t.fl-node- .fl-number-bar {\n\t\t\t\t\tbackground-color: var( --vamtam-accent-color-1 );\n\t\t\t\t}\n\t\t\t<\/style>\n<h4>\n\t\u010cas trasy\n\t<\/h4>\n<h4>\n\tD\u013a\u017eka trasy\n\t<\/h4>\n<h4>\n\tPrev\u00fd\u0161enie\n\t<\/h4>\n<h4>\n\tTyp cesty\n\t<\/h4>\n<h4>\n\tPre e-bike\n\t<\/h4>\n\t\n            <div \n                class=\"elfsight-widget-form-builder elfsight-widget\" \n                data-elfsight-form-builder-options=\"%7B%22ei%22%3A%22%22%2C%22fields%22%3A%5B%7B%22type%22%3A%22text%22%2C%22placeholder%22%3A%22John%22%2C%22description%22%3A%22%22%2C%22label%22%3A%22Name%22%2C%22required%22%3Atrue%2C%22columnWidth%22%3A50%2C%22id%22%3A%22%5Bname%5D%22%7D%2C%7B%22type%22%3A%22text%22%2C%22placeholder%22%3A%22Awesome%22%2C%22description%22%3A%22%22%2C%22label%22%3A%22Surname%22%2C%22required%22%3Atrue%2C%22columnWidth%22%3A50%2C%22id%22%3A%22%5Bsurname%5D%22%7D%2C%7B%22type%22%3A%22email%22%2C%22label%22%3A%22E-mail%20%22%2C%22description%22%3A%22%22%2C%22placeholder%22%3A%22Va%5Cu0161a%20e-mailov%5Cu00e1%20adresa%22%2C%22required%22%3Atrue%2C%22columnWidth%22%3A50%2C%22id%22%3A%22%5Be-mail-%5D%22%7D%2C%7B%22type%22%3A%22phone%22%2C%22label%22%3A%22Phone%22%2C%22placeholder%22%3A%22%2B353%20xxx%20xxx%20xxx%22%2C%22description%22%3A%22%22%2C%22required%22%3Atrue%2C%22columnWidth%22%3A50%2C%22id%22%3A%22%5Bphone%5D%22%7D%2C%7B%22type%22%3A%22datepicker%22%2C%22label%22%3A%22Pickup%20date%22%2C%22name%22%3A%22%22%2C%22placeholder%22%3A%22Needed%20for%20availability%20verification%22%2C%22options%22%3A%22Option%201%5CnOption%202%22%2C%22scaleNumbersMin%22%3A1%2C%22scaleNumbersMax%22%3A10%2C%22leftCaption%22%3A%22Not%20likely%22%2C%22rightCaption%22%3A%22Very%20likely%22%2C%22fileLinkCaption%22%3A%22Choose%20file%22%2C%22fileDragCaption%22%3A%22or%20drag%20%26%20drop%20here%22%2C%22text%22%3A%22Text%22%2C%22title%22%3A%22Heading%22%2C%22caption%22%3A%22%22%2C%22value%22%3A%22%22%2C%22labelText%22%3A%22Label%22%2C%22dateTime%22%3A%22date%22%2C%22dateFormat%22%3A%22d.m.Y%22%2C%22timeFormat%22%3A%22H%3Ai%22%2C%22starsCount%22%3A5%2C%22required%22%3Atrue%2C%22description%22%3A%22%22%2C%22columnWidth%22%3A50%2C%22elementColumnWidth%22%3A100%2C%22fileAllowedAll%22%3Atrue%2C%22fileAllowed%22%3A%5B%22.jpg%22%2C%22.jpeg%22%2C%22.png%22%2C%22.gif%22%2C%22.txt%22%2C%22.pdf%22%2C%22.doc%22%2C%22.docx%22%2C%22.pages%22%2C%22.numbers%22%2C%22.xls%22%2C%22.xlsx%22%2C%22.odt%22%2C%22.ppt%22%2C%22.pptx%22%2C%22.pps%22%2C%22.ppsx%22%2C%22.html%22%5D%2C%22fileMax%22%3A25%2C%22fields%22%3A%22%22%2C%22id%22%3A%22%5Bpickup-date%5D%22%7D%2C%7B%22type%22%3A%22datepicker%22%2C%22label%22%3A%22Pickup%20time%22%2C%22name%22%3A%22%22%2C%22placeholder%22%3A%22Needed%20for%20availability%20verification%22%2C%22options%22%3A%22Option%201%5CnOption%202%22%2C%22scaleNumbersMin%22%3A1%2C%22scaleNumbersMax%22%3A10%2C%22leftCaption%22%3A%22Not%20likely%22%2C%22rightCaption%22%3A%22Very%20likely%22%2C%22fileLinkCaption%22%3A%22Choose%20file%22%2C%22fileDragCaption%22%3A%22or%20drag%20%26%20drop%20here%22%2C%22text%22%3A%22Text%22%2C%22title%22%3A%22Heading%22%2C%22caption%22%3A%22%22%2C%22value%22%3A%22%22%2C%22labelText%22%3A%22Label%22%2C%22dateTime%22%3A%22time%22%2C%22dateFormat%22%3A%22d.m.Y%22%2C%22timeFormat%22%3A%22H%3Ai%22%2C%22starsCount%22%3A5%2C%22required%22%3Atrue%2C%22description%22%3A%22%22%2C%22columnWidth%22%3A50%2C%22elementColumnWidth%22%3A100%2C%22fileAllowedAll%22%3Atrue%2C%22fileAllowed%22%3A%5B%22.jpg%22%2C%22.jpeg%22%2C%22.png%22%2C%22.gif%22%2C%22.txt%22%2C%22.pdf%22%2C%22.doc%22%2C%22.docx%22%2C%22.pages%22%2C%22.numbers%22%2C%22.xls%22%2C%22.xlsx%22%2C%22.odt%22%2C%22.ppt%22%2C%22.pptx%22%2C%22.pps%22%2C%22.ppsx%22%2C%22.html%22%5D%2C%22fileMax%22%3A25%2C%22fields%22%3A%22%22%2C%22id%22%3A%22%5Bpickup-time%5D%22%7D%2C%7B%22type%22%3A%22datepicker%22%2C%22label%22%3A%22Return%20date%22%2C%22name%22%3A%22%22%2C%22placeholder%22%3A%22Potrebn%5Cu00e9%20pre%20overenie%20dostupnosti%22%2C%22options%22%3A%22Option%201%5CnOption%202%22%2C%22scaleNumbersMin%22%3A1%2C%22scaleNumbersMax%22%3A10%2C%22leftCaption%22%3A%22Not%20likely%22%2C%22rightCaption%22%3A%22Very%20likely%22%2C%22fileLinkCaption%22%3A%22Choose%20file%22%2C%22fileDragCaption%22%3A%22or%20drag%20%26%20drop%20here%22%2C%22text%22%3A%22Text%22%2C%22title%22%3A%22Heading%22%2C%22caption%22%3A%22%22%2C%22value%22%3A%22%22%2C%22labelText%22%3A%22Label%22%2C%22dateTime%22%3A%22date%22%2C%22dateFormat%22%3A%22d.m.Y%22%2C%22timeFormat%22%3A%22H%3Ai%22%2C%22starsCount%22%3A5%2C%22required%22%3Atrue%2C%22description%22%3A%22%22%2C%22columnWidth%22%3A50%2C%22elementColumnWidth%22%3A100%2C%22fileAllowedAll%22%3Atrue%2C%22fileAllowed%22%3A%5B%22.jpg%22%2C%22.jpeg%22%2C%22.png%22%2C%22.gif%22%2C%22.txt%22%2C%22.pdf%22%2C%22.doc%22%2C%22.docx%22%2C%22.pages%22%2C%22.numbers%22%2C%22.xls%22%2C%22.xlsx%22%2C%22.odt%22%2C%22.ppt%22%2C%22.pptx%22%2C%22.pps%22%2C%22.ppsx%22%2C%22.html%22%5D%2C%22fileMax%22%3A25%2C%22fields%22%3A%22%22%2C%22id%22%3A%22%5Breturn-date%5D%22%7D%2C%7B%22type%22%3A%22datepicker%22%2C%22label%22%3A%22Return%20time%22%2C%22name%22%3A%22%22%2C%22placeholder%22%3A%22Needed%20for%20availability%20verification%22%2C%22options%22%3A%22Option%201%5CnOption%202%22%2C%22scaleNumbersMin%22%3A1%2C%22scaleNumbersMax%22%3A10%2C%22leftCaption%22%3A%22Not%20likely%22%2C%22rightCaption%22%3A%22Very%20likely%22%2C%22fileLinkCaption%22%3A%22Choose%20file%22%2C%22fileDragCaption%22%3A%22or%20drag%20%26%20drop%20here%22%2C%22text%22%3A%22Text%22%2C%22title%22%3A%22Heading%22%2C%22caption%22%3A%22%22%2C%22value%22%3A%22%22%2C%22labelText%22%3A%22Label%22%2C%22dateTime%22%3A%22time%22%2C%22dateFormat%22%3A%22d.m.Y%22%2C%22timeFormat%22%3A%22H%3Ai%22%2C%22starsCount%22%3A5%2C%22required%22%3Atrue%2C%22description%22%3A%22%22%2C%22columnWidth%22%3A50%2C%22elementColumnWidth%22%3A100%2C%22fileAllowedAll%22%3Atrue%2C%22fileAllowed%22%3A%5B%22.jpg%22%2C%22.jpeg%22%2C%22.png%22%2C%22.gif%22%2C%22.txt%22%2C%22.pdf%22%2C%22.doc%22%2C%22.docx%22%2C%22.pages%22%2C%22.numbers%22%2C%22.xls%22%2C%22.xlsx%22%2C%22.odt%22%2C%22.ppt%22%2C%22.pptx%22%2C%22.pps%22%2C%22.ppsx%22%2C%22.html%22%5D%2C%22fileMax%22%3A25%2C%22fields%22%3A%22%22%2C%22id%22%3A%22%5Breturn-time%5D%22%7D%2C%7B%22type%22%3A%22textarea%22%2C%22label%22%3A%22Message%20or%20question%22%2C%22description%22%3A%22%22%2C%22placeholder%22%3A%22Tell%20us%20briefly%20about%20your%20needs%22%2C%22required%22%3Atrue%2C%22columnWidth%22%3A100%2C%22id%22%3A%22%5Bmessage-or-question%5D%22%7D%2C%7B%22type%22%3A%22divider%22%2C%22label%22%3A%22Divider%22%2C%22name%22%3A%22%22%2C%22placeholder%22%3A%22%22%2C%22options%22%3A%22Option%201%5CnOption%202%22%2C%22scaleNumbersMin%22%3A1%2C%22scaleNumbersMax%22%3A10%2C%22leftCaption%22%3A%22Not%20likely%22%2C%22rightCaption%22%3A%22Very%20likely%22%2C%22fileLinkCaption%22%3A%22Choose%20file%22%2C%22fileDragCaption%22%3A%22or%20drag%20%26%20drop%20here%22%2C%22text%22%3A%22Text%22%2C%22title%22%3A%22Heading%22%2C%22caption%22%3A%22%22%2C%22value%22%3A%22%22%2C%22labelText%22%3A%22Label%22%2C%22dateTime%22%3A%22date%22%2C%22dateFormat%22%3A%22d.m.Y%22%2C%22timeFormat%22%3A%22H%3Ai%22%2C%22starsCount%22%3A5%2C%22required%22%3Afalse%2C%22description%22%3A%22%22%2C%22columnWidth%22%3A100%2C%22elementColumnWidth%22%3A100%2C%22fileAllowedAll%22%3Atrue%2C%22fileAllowed%22%3A%5B%22.jpg%22%2C%22.jpeg%22%2C%22.png%22%2C%22.gif%22%2C%22.txt%22%2C%22.pdf%22%2C%22.doc%22%2C%22.docx%22%2C%22.pages%22%2C%22.numbers%22%2C%22.xls%22%2C%22.xlsx%22%2C%22.odt%22%2C%22.ppt%22%2C%22.pptx%22%2C%22.pps%22%2C%22.ppsx%22%2C%22.html%22%5D%2C%22fileMax%22%3A25%2C%22fields%22%3A%22%22%2C%22id%22%3A%22%5Bdivider%5D%22%7D%2C%7B%22type%22%3A%22group%22%2C%22label%22%3A%22Selection%20of%20e-bikes%20and%20accessories%22%2C%22name%22%3A%22Selection%20of%20e-bikes%20and%20accessories%22%2C%22placeholder%22%3A%22%22%2C%22options%22%3A%22Option%201%5CnOption%202%22%2C%22scaleNumbersMin%22%3A1%2C%22scaleNumbersMax%22%3A10%2C%22leftCaption%22%3A%22Not%20likely%22%2C%22rightCaption%22%3A%22Very%20likely%22%2C%22fileLinkCaption%22%3A%22Choose%20file%22%2C%22fileDragCaption%22%3A%22or%20drag%20%26%20drop%20here%22%2C%22text%22%3A%22Text%22%2C%22title%22%3A%22Heading%22%2C%22caption%22%3A%22%22%2C%22value%22%3A%22%22%2C%22labelText%22%3A%22Label%22%2C%22dateTime%22%3A%22date%22%2C%22dateFormat%22%3A%22d.m.Y%22%2C%22timeFormat%22%3A%22H%3Ai%22%2C%22starsCount%22%3A5%2C%22required%22%3Afalse%2C%22description%22%3A%22%22%2C%22columnWidth%22%3A100%2C%22elementColumnWidth%22%3A100%2C%22fileAllowedAll%22%3Atrue%2C%22fileAllowed%22%3A%5B%22.jpg%22%2C%22.jpeg%22%2C%22.png%22%2C%22.gif%22%2C%22.txt%22%2C%22.pdf%22%2C%22.doc%22%2C%22.docx%22%2C%22.pages%22%2C%22.numbers%22%2C%22.xls%22%2C%22.xlsx%22%2C%22.odt%22%2C%22.ppt%22%2C%22.pptx%22%2C%22.pps%22%2C%22.ppsx%22%2C%22.html%22%5D%2C%22fileMax%22%3A25%2C%22fields%22%3A%5B%7B%22type%22%3A%22scaleNumbers%22%2C%22label%22%3A%22Crussis%20e-Largo%207.7%20-%20Model%202022%20%5Cu2013%20L%22%2C%22placeholder%22%3A%22%22%2C%22options%22%3A%22Option%201%5CnOption%202%22%2C%22scaleNumbersMin%22%3A1%2C%22scaleNumbersMax%22%3A8%2C%22leftCaption%22%3A%22Min%22%2C%22rightCaption%22%3A%22Max%22%2C%22fileLinkCaption%22%3A%22Choose%20file%22%2C%22fileDragCaption%22%3A%22or%20drag%20%26%20drop%20here%22%2C%22text%22%3A%22Text%22%2C%22title%22%3A%22Heading%22%2C%22caption%22%3A%22%22%2C%22value%22%3A%22%22%2C%22labelText%22%3A%22Label%22%2C%22dateTime%22%3A%22date%22%2C%22dateFormat%22%3A%22d.m.Y%22%2C%22timeFormat%22%3A%22H%3Ai%22%2C%22starsCount%22%3A5%2C%22required%22%3Afalse%2C%22description%22%3A%22%22%2C%22columnWidth%22%3A100%2C%22elementColumnWidth%22%3A100%2C%22fileAllowedAll%22%3Atrue%2C%22fileAllowed%22%3A%5B%22.jpg%22%2C%22.jpeg%22%2C%22.png%22%2C%22.gif%22%2C%22.txt%22%2C%22.pdf%22%2C%22.doc%22%2C%22.docx%22%2C%22.pages%22%2C%22.numbers%22%2C%22.xls%22%2C%22.xlsx%22%2C%22.odt%22%2C%22.ppt%22%2C%22.pptx%22%2C%22.pps%22%2C%22.ppsx%22%2C%22.html%22%5D%2C%22fileMax%22%3A25%2C%22id%22%3A%22%5Bcrussis-e-largo-7.7---model-2022-%5Cu2013-l%5D%22%7D%2C%7B%22type%22%3A%22scaleNumbers%22%2C%22label%22%3A%22Crussis%20e-Guera%207.7%20-%20Model%202022%20%5Cu2013%20M%22%2C%22placeholder%22%3A%22%22%2C%22options%22%3A%22Option%201%5CnOption%202%22%2C%22scaleNumbersMin%22%3A1%2C%22scaleNumbersMax%22%3A7%2C%22leftCaption%22%3A%22Min%22%2C%22rightCaption%22%3A%22Max%22%2C%22fileLinkCaption%22%3A%22Choose%20file%22%2C%22fileDragCaption%22%3A%22or%20drag%20%26%20drop%20here%22%2C%22text%22%3A%22Text%22%2C%22title%22%3A%22Heading%22%2C%22caption%22%3A%22%22%2C%22value%22%3A%22%22%2C%22labelText%22%3A%22Label%22%2C%22dateTime%22%3A%22date%22%2C%22dateFormat%22%3A%22d.m.Y%22%2C%22timeFormat%22%3A%22H%3Ai%22%2C%22starsCount%22%3A5%2C%22required%22%3Afalse%2C%22description%22%3A%22%22%2C%22columnWidth%22%3A100%2C%22elementColumnWidth%22%3A100%2C%22fileAllowedAll%22%3Atrue%2C%22fileAllowed%22%3A%5B%22.jpg%22%2C%22.jpeg%22%2C%22.png%22%2C%22.gif%22%2C%22.txt%22%2C%22.pdf%22%2C%22.doc%22%2C%22.docx%22%2C%22.pages%22%2C%22.numbers%22%2C%22.xls%22%2C%22.xlsx%22%2C%22.odt%22%2C%22.ppt%22%2C%22.pptx%22%2C%22.pps%22%2C%22.ppsx%22%2C%22.html%22%5D%2C%22fileMax%22%3A25%2C%22id%22%3A%22%5Bcrussis-e-guera-7.7---model-2022-%5Cu2013-m%5D%22%7D%2C%7B%22type%22%3A%22scaleNumbers%22%2C%22label%22%3A%22Crussis%20e-Largo%207.7%20-%20Model%202022%20%5Cu2013%20M%22%2C%22placeholder%22%3A%22%22%2C%22options%22%3A%22Option%201%5CnOption%202%22%2C%22scaleNumbersMin%22%3A1%2C%22scaleNumbersMax%22%3A5%2C%22leftCaption%22%3A%22Min%22%2C%22rightCaption%22%3A%22Max%22%2C%22fileLinkCaption%22%3A%22Choose%20file%22%2C%22fileDragCaption%22%3A%22or%20drag%20%26%20drop%20here%22%2C%22text%22%3A%22Text%22%2C%22title%22%3A%22Heading%22%2C%22caption%22%3A%22%22%2C%22value%22%3A%22%22%2C%22labelText%22%3A%22Label%22%2C%22dateTime%22%3A%22date%22%2C%22dateFormat%22%3A%22d.m.Y%22%2C%22timeFormat%22%3A%22H%3Ai%22%2C%22starsCount%22%3A5%2C%22required%22%3Afalse%2C%22description%22%3A%22%22%2C%22columnWidth%22%3A100%2C%22elementColumnWidth%22%3A100%2C%22fileAllowedAll%22%3Atrue%2C%22fileAllowed%22%3A%5B%22.jpg%22%2C%22.jpeg%22%2C%22.png%22%2C%22.gif%22%2C%22.txt%22%2C%22.pdf%22%2C%22.doc%22%2C%22.docx%22%2C%22.pages%22%2C%22.numbers%22%2C%22.xls%22%2C%22.xlsx%22%2C%22.odt%22%2C%22.ppt%22%2C%22.pptx%22%2C%22.pps%22%2C%22.ppsx%22%2C%22.html%22%5D%2C%22fileMax%22%3A25%2C%22id%22%3A%22%5Bcrussis-e-largo-7.7---model-2022-%5Cu2013-m%5D%22%7D%5D%2C%22id%22%3A%22%5Bv%5Cu00fdber-elektro-bicyklov-a-pr%5Cu00edlu%5Cu0161enstva%5D%22%7D%2C%7B%22type%22%3A%22checkbox%22%2C%22label%22%3A%22Accessory%20selection%22%2C%22name%22%3A%22%22%2C%22placeholder%22%3A%22%22%2C%22options%22%3A%22Yakima%20Just%20Click%20bicycle%20carrier%20-%20For%20max.%202%20e-bikes%20%28load%20capacity%20up%20to%2060%20kg%29%5CnChild%20rear%20seat%20%28load%20capacity%20up%20to%2022%20kg%29%22%2C%22scaleNumbersMin%22%3A1%2C%22scaleNumbersMax%22%3A10%2C%22leftCaption%22%3A%22Not%20likely%22%2C%22rightCaption%22%3A%22Very%20likely%22%2C%22fileLinkCaption%22%3A%22Choose%20file%22%2C%22fileDragCaption%22%3A%22or%20drag%20%26%20drop%20here%22%2C%22text%22%3A%22Text%22%2C%22title%22%3A%22Heading%22%2C%22caption%22%3A%22%22%2C%22value%22%3A%22%22%2C%22labelText%22%3A%22Label%22%2C%22dateTime%22%3A%22date%22%2C%22dateFormat%22%3A%22d.m.Y%22%2C%22timeFormat%22%3A%22H%3Ai%22%2C%22starsCount%22%3A5%2C%22required%22%3Afalse%2C%22description%22%3A%22%22%2C%22columnWidth%22%3A100%2C%22elementColumnWidth%22%3A100%2C%22fileAllowedAll%22%3Atrue%2C%22fileAllowed%22%3A%5B%22.jpg%22%2C%22.jpeg%22%2C%22.png%22%2C%22.gif%22%2C%22.txt%22%2C%22.pdf%22%2C%22.doc%22%2C%22.docx%22%2C%22.pages%22%2C%22.numbers%22%2C%22.xls%22%2C%22.xlsx%22%2C%22.odt%22%2C%22.ppt%22%2C%22.pptx%22%2C%22.pps%22%2C%22.ppsx%22%2C%22.html%22%5D%2C%22fileMax%22%3A25%2C%22fields%22%3A%22%22%2C%22id%22%3A%22%5Baccessory-selection%5D%22%7D%2C%7B%22type%22%3A%22checkbox%22%2C%22label%22%3A%22GDPR%20and%20data%20protection%22%2C%22name%22%3A%22%22%2C%22placeholder%22%3A%22%22%2C%22options%22%3A%22I%20agree%20with%20the%20processing%20of%20personal%20data%20in%20accordance%20with%20the%20GDPR%20regulations%20and%20the%20special%20conditions%20stated%20%3Ca%20href%3D%5C%22https%3A%5C%2F%5C%2Fwww.ebikers.sk%5C%2Fen%5C%2Fprivacy-policy%5C%2F%5C%22%20target%3D%5C%22_blank%5C%22%3E%3Cem%3EPRIVACY%20POLICY%3C%5C%2Fem%3E%3C%5C%2Fa%3E%22%2C%22scaleNumbersMin%22%3A1%2C%22scaleNumbersMax%22%3A10%2C%22leftCaption%22%3A%22Not%20likely%22%2C%22rightCaption%22%3A%22Very%20likely%22%2C%22fileLinkCaption%22%3A%22Choose%20file%22%2C%22fileDragCaption%22%3A%22or%20drag%20%26%20drop%20here%22%2C%22text%22%3A%22Text%22%2C%22title%22%3A%22Heading%22%2C%22caption%22%3A%22%22%2C%22value%22%3A%22%22%2C%22labelText%22%3A%22Label%22%2C%22dateTime%22%3A%22date%22%2C%22dateFormat%22%3A%22d.m.Y%22%2C%22timeFormat%22%3A%22H%3Ai%22%2C%22starsCount%22%3A5%2C%22required%22%3Atrue%2C%22description%22%3A%22%22%2C%22columnWidth%22%3A100%2C%22elementColumnWidth%22%3A100%2C%22fileAllowedAll%22%3Atrue%2C%22fileAllowed%22%3A%5B%22.jpg%22%2C%22.jpeg%22%2C%22.png%22%2C%22.gif%22%2C%22.txt%22%2C%22.pdf%22%2C%22.doc%22%2C%22.docx%22%2C%22.pages%22%2C%22.numbers%22%2C%22.xls%22%2C%22.xlsx%22%2C%22.odt%22%2C%22.ppt%22%2C%22.pptx%22%2C%22.pps%22%2C%22.ppsx%22%2C%22.html%22%5D%2C%22fileMax%22%3A25%2C%22fields%22%3A%22%22%2C%22id%22%3A%22%5Bgdpr-and-data-protection%5D%22%7D%5D%2C%22headerActive%22%3Atrue%2C%22headerTitle%22%3A%22ORDER%20FORM%22%2C%22headerText%22%3A%22If%20you%20are%20unsure%20of%20your%20reservation%20or%20have%20special%20requirements%2C%20please%20use%20this%20form.%5Cn%5Cn%3Ch3%20style%3D%5C%22color%3A%20%235e9ca0%3B%5C%22%3E%3Cspan%20style%3D%5C%22color%3A%20%23ff6600%3B%5C%22%3E%3Cstrong%3EYou%20can%20reserve%20e-bikes%20at%20least%2024%20hours%20in%20advance%21%20Thank%20you%20for%20your%20understanding%21%20%3C%5C%2Fstrong%3E%3C%5C%2Fspan%3E%3C%5C%2Fh3%3E%22%2C%22headerPictureUrl%22%3A%22form%22%2C%22footerText%22%3A%22%22%2C%22actionAfterSubmit%22%3A%22message%22%2C%22successMessage%22%3A%22Your%20message%20has%20been%20sent%20successfully%21%20We%20will%20answer%20you%20soon.%22%2C%22successContinueText%22%3A%22OK%22%2C%22redirectUrl%22%3A%22https%3A%5C%2F%5C%2Fexample.com%22%2C%22submitText%22%3A%22Submit%22%2C%22stepsMessagesDivider%22%3Anull%2C%22stepsMessagesTitle%22%3Anull%2C%22stepsText%22%3A%22step%20%251%20of%20%252%22%2C%22stepBackText%22%3A%22Back%22%2C%22stepNextText%22%3A%22Next%22%2C%22errorMessageAllRequired%22%3A%22Please%20fill%20in%20all%20required%20fields%22%2C%22errorMessageAllIncorrect%22%3A%22Please%20fill%20in%20all%20fields%20correctly%22%2C%22errorMessageSetMailTo%22%3A%22Please%20set%20up%20an%20email%20to%20send%20messages%22%2C%22errorMessageRequiredCaptcha%22%3A%22Please%2C%20enter%20the%20captcha%22%2C%22errorMessageFileSizeLimit%22%3A%22File%20size%20limit%20exceeded%22%2C%22errorMessageFileNotAllowed%22%3A%22File%20extension%20not%20allowed%22%2C%22errorMessageUnknown%22%3A%22Unknown%20error%22%2C%22errorMessageRequired%22%3A%22Required%20field%22%2C%22errorMessageInvalid%22%3A%22Invalid%22%2C%22errorMessageInvalidEmail%22%3A%22Invalid%20email%22%2C%22errorMessageInvalidPhone%22%3A%22Invalid%20phone%20number%22%2C%22errorMessageInvalidUrl%22%3A%22Invalid%20URL%22%2C%22calendarWeekdaysShorthand%22%3A%22Sun%5CnMon%5CnTue%5CnStr%5CnThu%5CnFri%5CnSo%22%2C%22calendarMonthsLonghand%22%3A%22January%5CnFebruary%5CnMarch%5CnApril%5CnMay%5CnJune%5CnJuly%5CnAugust%5CnSeptember%5CnOctober%5CnNovember%5CnDecember%22%2C%22showProgress%22%3Atrue%2C%22recaptchaType%22%3A%22checkbox%22%2C%22integrationsGoogleToken%22%3A%22%22%2C%22integrationsGoogleSheetId%22%3A%22%22%2C%22layout%22%3A%22default%22%2C%22floatingIcon%22%3A%22message%22%2C%22floatingText%22%3A%22%22%2C%22floatingPosition%22%3A%22right%22%2C%22width%22%3A%22850%22%2C%22style%22%3A%22material%22%2C%22mainColor%22%3A%22rgb%28251%2C%20101%2C%200%29%22%2C%22apiUrl%22%3A%22https%3A%5C%2F%5C%2Fwww.ebikers.sk%5C%2Fen%5C%2Fwp-json%5C%2Felfsight-form-builder%5C%2Fapi%22%2C%22recaptchaKeyCheckbox%22%3A%226LfXGHgUAAAAAHNIE_EH7kEI1l4xvf_ynIlg5bfo%22%2C%22recaptchaKeyInvisible%22%3A%226Ld1CXgUAAAAAFTHmixC1Eo-NP7_3ddB1YOj9AfX%22%2C%22widgetId%22%3A%227%22%7D\" \n                data-elfsight-form-builder-version=\"1.5.1\"\n                data-elfsight-widget-id=\"elfsight-form-builder-7\">\n            <\/div>\n            <\/div><!-- .vgblk-rw-wrapper -->","protected":false},"excerpt":{"rendered":"<p>TEAMBUILDING EVENTS ON ELECTRIC BIKES! &nbsp; Dear team, director, manager! Are you planning to organize a teambuilding for your colleagues or your team? So get new energy and get your body moving! Replace the stereotype in the office with an experiential teambuilding in nature. Teambuilding helps to strengthen relationships in the workplace and you get&#8230;<\/p>\n","protected":false},"author":3,"featured_media":0,"parent":0,"menu_order":2,"comment_status":"closed","ping_status":"closed","template":"","meta":{"inline_featured_image":false,"footnotes":""},"class_list":["post-990418","page","type-page","status-publish","hentry"],"_links":{"self":[{"href":"https:\/\/www.ebikers.sk\/en\/wp-json\/wp\/v2\/pages\/990418"}],"collection":[{"href":"https:\/\/www.ebikers.sk\/en\/wp-json\/wp\/v2\/pages"}],"about":[{"href":"https:\/\/www.ebikers.sk\/en\/wp-json\/wp\/v2\/types\/page"}],"author":[{"embeddable":true,"href":"https:\/\/www.ebikers.sk\/en\/wp-json\/wp\/v2\/users\/3"}],"replies":[{"embeddable":true,"href":"https:\/\/www.ebikers.sk\/en\/wp-json\/wp\/v2\/comments?post=990418"}],"version-history":[{"count":4,"href":"https:\/\/www.ebikers.sk\/en\/wp-json\/wp\/v2\/pages\/990418\/revisions"}],"predecessor-version":[{"id":990655,"href":"https:\/\/www.ebikers.sk\/en\/wp-json\/wp\/v2\/pages\/990418\/revisions\/990655"}],"wp:attachment":[{"href":"https:\/\/www.ebikers.sk\/en\/wp-json\/wp\/v2\/media?parent=990418"}],"curies":[{"name":"wp","href":"https:\/\/api.w.org\/{rel}","templated":true}]}}