{"id":989583,"date":"2018-12-10T01:46:26","date_gmt":"2018-12-10T01:46:26","guid":{"rendered":"https:\/\/www.ebikers.sk\/vylet-na-ebike\/"},"modified":"2022-05-11T14:11:26","modified_gmt":"2022-05-11T14:11:26","slug":"ebike-trips","status":"publish","type":"page","link":"https:\/\/www.ebikers.sk\/en\/ebike-trips\/","title":{"rendered":"E-bike trips around the country"},"content":{"rendered":"<div class=\"vgblk-rw-wrapper limit-wrapper\"><h2>\n\tDiscover your region <br \/>with e-bikes!\n\t<\/h2>\n\t<p>Bike routes in the district Rimavsk\u00e1 Sobota:<\/p>\n\t<a href=\"#ourtours\" target=\"_self\" role=\"button\" rel=\"noopener\">\n\t\t\t\t\tBike paths\n\t<\/a>\n\t\t\t\t\t\t\t<img decoding=\"async\" src=\"https:\/\/www.ebikers.sk\/wp-content\/uploads\/2022\/03\/depositphotos_139450202-stock-photo-sketch-of-a-woman-riding-removebg-preview.png\" alt=\"Po\u017ei\u010dov\u0148a e-bikov Rimavsk\u00e1 Sobota\" itemprop=\"image\" height=\"507\" width=\"193\" title=\"Po\u017ei\u010dov\u0148a e-bikov Rimavsk\u00e1 Sobota\" onerror=\"this.style.display='none'\"  sizes=\"(max-width: 768px) 100vw, 100vw\" srcset=\"data:image\/svg+xml;utf8,&lt;svg%20xmlns=&quot;http:\/\/www.w3.org\/2000\/svg&quot;%20viewBox=&quot;0%200%20193%20507&quot;%20height=&quot;507px&quot;%20width=&quot;193px&quot;\/&gt;\" data-srcset=\"https:\/\/www.ebikers.sk\/wp-content\/uploads\/2022\/03\/depositphotos_139450202-stock-photo-sketch-of-a-woman-riding-removebg-preview.png 193w, https:\/\/www.ebikers.sk\/wp-content\/uploads\/2022\/03\/depositphotos_139450202-stock-photo-sketch-of-a-woman-riding-removebg-preview-114x300.png 114w\" \/>\t\t\t\t\t\t\t\n\t\t\t\t\t\t\t<img decoding=\"async\" src=\"https:\/\/www.ebikers.sk\/wp-content\/uploads\/2022\/05\/depositphotos_139449828-stock-photo-hand-drawing-of-a-person-removebg-preview.png\" alt=\"depositphotos_139449828-stock-photo-hand-drawing-of-a-person-removebg-preview\" itemprop=\"image\" height=\"508\" width=\"491\" title=\"depositphotos_139449828-stock-photo-hand-drawing-of-a-person-removebg-preview\" onerror=\"this.style.display='none'\"  sizes=\"(max-width: 768px) 100vw, 100vw\" srcset=\"data:image\/svg+xml;utf8,&lt;svg%20xmlns=&quot;http:\/\/www.w3.org\/2000\/svg&quot;%20viewBox=&quot;0%200%20491%20508&quot;%20height=&quot;508px&quot;%20width=&quot;491px&quot;\/&gt;\" data-srcset=\"https:\/\/www.ebikers.sk\/wp-content\/uploads\/2022\/05\/depositphotos_139449828-stock-photo-hand-drawing-of-a-person-removebg-preview.png 491w, https:\/\/www.ebikers.sk\/wp-content\/uploads\/2022\/05\/depositphotos_139449828-stock-photo-hand-drawing-of-a-person-removebg-preview-290x300.png 290w, https:\/\/www.ebikers.sk\/wp-content\/uploads\/2022\/05\/depositphotos_139449828-stock-photo-hand-drawing-of-a-person-removebg-preview-420x435.png 420w, https:\/\/www.ebikers.sk\/wp-content\/uploads\/2022\/05\/depositphotos_139449828-stock-photo-hand-drawing-of-a-person-removebg-preview-315x326.png 315w\" \/>\t\t\t\t\t\t\t\n\t<p><a href=\"#cervena\"><strong><em><\/em><em>Bike paths, red color \u2192<\/em><\/strong><\/a><\/p>\n\t\t\t\t\t\t\t<img decoding=\"async\" src=\"https:\/\/www.ebikers.sk\/wp-content\/uploads\/2022\/05\/depositphotos_107442546-stock-illustration-man-rides-on-a-bike-removebg-preview.png\" alt=\"depositphotos_107442546-stock-illustration-man-rides-on-a-bike-removebg-preview\" itemprop=\"image\" height=\"505\" width=\"494\" title=\"depositphotos_107442546-stock-illustration-man-rides-on-a-bike-removebg-preview\" onerror=\"this.style.display='none'\"  sizes=\"(max-width: 768px) 100vw, 100vw\" srcset=\"data:image\/svg+xml;utf8,&lt;svg%20xmlns=&quot;http:\/\/www.w3.org\/2000\/svg&quot;%20viewBox=&quot;0%200%20494%20505&quot;%20height=&quot;505px&quot;%20width=&quot;494px&quot;\/&gt;\" data-srcset=\"https:\/\/www.ebikers.sk\/wp-content\/uploads\/2022\/05\/depositphotos_107442546-stock-illustration-man-rides-on-a-bike-removebg-preview.png 494w, https:\/\/www.ebikers.sk\/wp-content\/uploads\/2022\/05\/depositphotos_107442546-stock-illustration-man-rides-on-a-bike-removebg-preview-293x300.png 293w, https:\/\/www.ebikers.sk\/wp-content\/uploads\/2022\/05\/depositphotos_107442546-stock-illustration-man-rides-on-a-bike-removebg-preview-420x429.png 420w, https:\/\/www.ebikers.sk\/wp-content\/uploads\/2022\/05\/depositphotos_107442546-stock-illustration-man-rides-on-a-bike-removebg-preview-315x322.png 315w\" \/>\t\t\t\t\t\t\t\n\t<p><a href=\"#modra\"><strong><em><\/em><em>Bike paths, blue color \u2192<\/em><\/strong><\/a><\/p>\n\t\t\t\t\t\t\t<img decoding=\"async\" src=\"https:\/\/www.ebikers.sk\/wp-content\/uploads\/2022\/05\/depositphotos_139449818-stock-photo-sketch-of-a-girl-on-removebg-preview.png\" alt=\"depositphotos_139449818-stock-photo-sketch-of-a-girl-on-removebg-preview\" itemprop=\"image\" height=\"495\" width=\"504\" title=\"depositphotos_139449818-stock-photo-sketch-of-a-girl-on-removebg-preview\" onerror=\"this.style.display='none'\"  sizes=\"(max-width: 768px) 100vw, 100vw\" srcset=\"data:image\/svg+xml;utf8,&lt;svg%20xmlns=&quot;http:\/\/www.w3.org\/2000\/svg&quot;%20viewBox=&quot;0%200%20504%20495&quot;%20height=&quot;495px&quot;%20width=&quot;504px&quot;\/&gt;\" data-srcset=\"https:\/\/www.ebikers.sk\/wp-content\/uploads\/2022\/05\/depositphotos_139449818-stock-photo-sketch-of-a-girl-on-removebg-preview.png 504w, https:\/\/www.ebikers.sk\/wp-content\/uploads\/2022\/05\/depositphotos_139449818-stock-photo-sketch-of-a-girl-on-removebg-preview-300x295.png 300w, https:\/\/www.ebikers.sk\/wp-content\/uploads\/2022\/05\/depositphotos_139449818-stock-photo-sketch-of-a-girl-on-removebg-preview-420x413.png 420w, https:\/\/www.ebikers.sk\/wp-content\/uploads\/2022\/05\/depositphotos_139449818-stock-photo-sketch-of-a-girl-on-removebg-preview-315x309.png 315w\" \/>\t\t\t\t\t\t\t\n\t<p><a href=\"#zlta\"><strong><em><\/em><em>Bike paths, yellow color \u2192<\/em><\/strong><\/a><\/p>\n\t\t\t\t\t\t\t<img decoding=\"async\" src=\"https:\/\/www.ebikers.sk\/wp-content\/uploads\/2022\/05\/cycling-man-vector-drawing-riding-bicycle-32828452-removebg-preview.png\" alt=\"cycling-man-vector-drawing-riding-bicycle-32828452-removebg-preview\" itemprop=\"image\" height=\"494\" width=\"505\" title=\"cycling-man-vector-drawing-riding-bicycle-32828452-removebg-preview\" onerror=\"this.style.display='none'\"  sizes=\"(max-width: 768px) 100vw, 100vw\" srcset=\"data:image\/svg+xml;utf8,&lt;svg%20xmlns=&quot;http:\/\/www.w3.org\/2000\/svg&quot;%20viewBox=&quot;0%200%20505%20494&quot;%20height=&quot;494px&quot;%20width=&quot;505px&quot;\/&gt;\" data-srcset=\"https:\/\/www.ebikers.sk\/wp-content\/uploads\/2022\/05\/cycling-man-vector-drawing-riding-bicycle-32828452-removebg-preview.png 505w, https:\/\/www.ebikers.sk\/wp-content\/uploads\/2022\/05\/cycling-man-vector-drawing-riding-bicycle-32828452-removebg-preview-300x293.png 300w, https:\/\/www.ebikers.sk\/wp-content\/uploads\/2022\/05\/cycling-man-vector-drawing-riding-bicycle-32828452-removebg-preview-420x411.png 420w, https:\/\/www.ebikers.sk\/wp-content\/uploads\/2022\/05\/cycling-man-vector-drawing-riding-bicycle-32828452-removebg-preview-315x308.png 315w\" \/>\t\t\t\t\t\t\t\n\t<p><a href=\"#zelena\"><strong><em><\/em><em>Bike paths, green color \u2192<\/em><\/strong><\/a><\/p>\n<h2>\n\t\tBike paths, red color\n\t<\/h2>\n<h3>\n\t012 &#8211; Rudohorsk\u00e1 cyklomagistr\u00e1la\n\t<\/h3>\n\t<ul>\n<li><b>Route:\u00a0<\/b>Zvolen (Lieskovec) &#8211; Zoln\u00e1 &#8211; Hradn\u00e1 &#8211; D\u00fabravy &#8211; Kostoln\u00e1 &#8211; Detva &#8211; Skliarovo &#8211; Hri\u0148ov\u00e1 -Detvianska Huta &#8211; L\u00e1tky<\/li>\n<li><b>Suitable bicycles: <\/b>e-bike, mountain, trekking, road<\/li>\n<\/ul>\n<ul>\n<h4>\n\tDifficulty\n\t<\/h4>\n\t\t\t\t\t56\t\t\t\t\n\t\t\t<style>\n\t\t\t\t.fl-node- .fl-number-bars-container {\n\t\t\t\t\tbackground-color: var( --vamtam-accent-color-5 );\n\t\t\t\t}\n\t\t\t\t.fl-node- .fl-number-bar {\n\t\t\t\t\tbackground-color: var( --vamtam-accent-color-1 );\n\t\t\t\t}\n\t\t\t<\/style>\n<h4>\n\tRoute time\n\t<\/h4>\n<h4>\n\tRoute length\n\t<\/h4>\n<h4>\n\tClimb\n\t<\/h4>\n<h4>\n\tTrip type\n\t<\/h4>\n<h4>\n\tE-bike route\n\t<\/h4>\n\t<a href=\"https:\/\/cyklotrasa.oma.sk\/012\" target=\"_blank\" role=\"button\" rel=\"noopener\">\n\t\t\t\t\tVIEW INFORMATION\n\t<\/a>\n<h3>\n\t040 &#8211; Liptov Cycle Route\n\t<\/h3>\n\t<\/ul><ul>\n<li><b>Route: <\/b>Horehronie &#8211; Gemer. \u010cas\u0165 v okrese Rim. Sobota: Hrachovo &#8211; Hn\u00fa\u0161\u0165a &#8211; Tisovec &#8211; Sedlo Burda<\/li>\n<li><b>Suitable bicycles: <\/b>e-bike, mountain, trekking, road<\/li>\n<\/ul>\n<ul>\n<h4>\n\tDifficulty\n\t<\/h4>\n\t\t\t\t\t64\t\t\t\t\n\t\t\t<style>\n\t\t\t\t.fl-node- .fl-number-bars-container {\n\t\t\t\t\tbackground-color: var( --vamtam-accent-color-5 );\n\t\t\t\t}\n\t\t\t\t.fl-node- .fl-number-bar {\n\t\t\t\t\tbackground-color: var( --vamtam-accent-color-1 );\n\t\t\t\t}\n\t\t\t<\/style>\n<h4>\n\tRoute time\n\t<\/h4>\n<h4>\n\tRoute length\n\t<\/h4>\n<h4>\n\tClimb\n\t<\/h4>\n<h4>\n\tTrip type\n\t<\/h4>\n<h4>\n\tE-bike route\n\t<\/h4>\n\t<a href=\"https:\/\/cyklotrasa.oma.sk\/040\" target=\"_blank\" role=\"button\" rel=\"noopener\">\n\t\t\t\t\tVIEW INFORMATION\n\t<\/a>\n<h3>\n\t037 &#8211; Cyklomagistr\u00e1la Blhu\n\t<\/h3>\n\t<\/ul><ul>\n<li><b>Route: <\/b>Ve\u013ek\u00fd Blh &#8211; Tepl\u00fd Vrch &#8211; Hru\u0161ovo &#8211; Rovn\u00e9<\/li>\n<li><b>Suitable bicycles: <\/b>e-bike, mountain, trekking, road<\/li>\n<\/ul>\n<h4>\n\tDifficulty\n\t<\/h4>\n\t\t\t\t\t35\t\t\t\t\n\t\t\t<style>\n\t\t\t\t.fl-node- .fl-number-bars-container {\n\t\t\t\t\tbackground-color: var( --vamtam-accent-color-5 );\n\t\t\t\t}\n\t\t\t\t.fl-node- .fl-number-bar {\n\t\t\t\t\tbackground-color: var( --vamtam-accent-color-1 );\n\t\t\t\t}\n\t\t\t<\/style>\n<h4>\n\tRoute time\n\t<\/h4>\n<h4>\n\tRoute length\n\t<\/h4>\n<h4>\n\tClimb\n\t<\/h4>\n<h4>\n\tTrip type\n\t<\/h4>\n<h4>\n\tE-bike route\n\t<\/h4>\n\t<a href=\"https:\/\/cyklotrasa.oma.sk\/037\" target=\"_blank\" role=\"button\" rel=\"noopener\">\n\t\t\t\t\tVIEW INFORMATION\n\t<\/a>\n<h2>\n\t\tBike paths, blue color\n\t<\/h2>\n<h3>\n\t2562 &#8211; Horn\u00e9 Z\u00e1horany\n\t<\/h3>\n\t<ul>\n<li><b>Route: <\/b>Horn\u00e9 Z\u00e1horany &#8211; Kokava nad Rimavicou &#8211; Sihla r\u00e1zcestie<\/li>\n<li><b>Suitable bicycles: <\/b>e-bike, mountain, trekking, road<\/li>\n<\/ul>\n<h4>\n\tDifficulty\n\t<\/h4>\n\t\t\t\t\t66\t\t\t\t\n\t\t\t<style>\n\t\t\t\t.fl-node- .fl-number-bars-container {\n\t\t\t\t\tbackground-color: var( --vamtam-accent-color-5 );\n\t\t\t\t}\n\t\t\t\t.fl-node- .fl-number-bar {\n\t\t\t\t\tbackground-color: var( --vamtam-accent-color-1 );\n\t\t\t\t}\n\t\t\t<\/style>\n<h4>\n\tRoute time\n\t<\/h4>\n<h4>\n\tRoute length\n\t<\/h4>\n<h4>\n\tClimb\n\t<\/h4>\n<h4>\n\tTrip type\n\t<\/h4>\n<h4>\n\tE-bike route\n\t<\/h4>\n\t<a href=\"https:\/\/cyklotrasa.oma.sk\/-7076176\" target=\"_blank\" role=\"button\" rel=\"noopener\">\n\t\t\t\t\tVIEW INFORMATION\n\t<\/a>\n<h3>\n\t2564 &#8211; Tepl\u00fd vrch\n\t<\/h3>\n\t<ul>\n<li><b>Route: <\/b>Tepl\u00fd vrch &#8211; Slizk\u00e9 &#8211; Potok<\/li>\n<li><b>Suitable bicycles: <\/b>e-bike, mountain, trekking, road<\/li>\n<\/ul>\n<h4>\n\tDifficulty\n\t<\/h4>\n\t\t\t\t\t33\t\t\t\t\n\t\t\t<style>\n\t\t\t\t.fl-node- .fl-number-bars-container {\n\t\t\t\t\tbackground-color: var( --vamtam-accent-color-5 );\n\t\t\t\t}\n\t\t\t\t.fl-node- .fl-number-bar {\n\t\t\t\t\tbackground-color: var( --vamtam-accent-color-1 );\n\t\t\t\t}\n\t\t\t<\/style>\n<h4>\n\tRoute time\n\t<\/h4>\n<h4>\n\tRoute length\n\t<\/h4>\n<h4>\n\tClimb\n\t<\/h4>\n<h4>\n\tTrip type\n\t<\/h4>\n<h4>\n\tE-bike route\n\t<\/h4>\n\t<a href=\"https:\/\/cyklotrasa.oma.sk\/-7076189\" target=\"_blank\" role=\"button\" rel=\"noopener\">\n\t\t\t\t\tVIEW INFORMATION\n\t<\/a>\n<h2>\n\t\tBike paths, yellow color\n\t<\/h2>\n<h3>\n\t5602 &#8211; Kokava L\u00ednia\n\t<\/h3>\n\t<ul>\n<li><b>Route: <\/b>Kokava L\u00ednia &#8211; Klenovec &#8211; Skoru\u0161ina &#8211; R\u00e1zto\u010dno &#8211; Tri Chot\u00e1re<\/li>\n<li><b>Suitable bicycles: <\/b>e-bike, mountain, trekking, road<\/li>\n<\/ul>\n<h4>\n\tDifficulty\n\t<\/h4>\n\t\t\t\t\t70\t\t\t\t\n\t\t\t<style>\n\t\t\t\t.fl-node- .fl-number-bars-container {\n\t\t\t\t\tbackground-color: var( --vamtam-accent-color-5 );\n\t\t\t\t}\n\t\t\t\t.fl-node- .fl-number-bar {\n\t\t\t\t\tbackground-color: var( --vamtam-accent-color-1 );\n\t\t\t\t}\n\t\t\t<\/style>\n<h4>\n\tRoute time\n\t<\/h4>\n<h4>\n\tRoute length\n\t<\/h4>\n<h4>\n\tClimb\n\t<\/h4>\n<h4>\n\tTrip type\n\t<\/h4>\n<h4>\n\tE-bike route\n\t<\/h4>\n\t<a href=\"https:\/\/cyklotrasa.oma.sk\/-7076189\" target=\"_blank\" role=\"button\" rel=\"noopener\">\n\t\t\t\t\tVIEW INFORMATION\n\t<\/a>\n<h2>\n\t\tBike paths, green color\n\t<\/h2>\n<h3>\n\t5565 &#8211; Drien\u010dany\n\t<\/h3>\n\t<ul>\n<li><b>Route: <\/b>Drien\u010dany Krasov\u00e9 jazierka &#8211; Lukovi\u0161tia &#8211; Rimavsk\u00e9 Brezovo<\/li>\n<li><b>Suitable bicycles: <\/b>e-bike, mountain, trekking, road<\/li>\n<\/ul>\n<h4>\n\tDifficulty\n\t<\/h4>\n\t\t\t\t\t44\t\t\t\t\n\t\t\t<style>\n\t\t\t\t.fl-node- .fl-number-bars-container {\n\t\t\t\t\tbackground-color: var( --vamtam-accent-color-5 );\n\t\t\t\t}\n\t\t\t\t.fl-node- .fl-number-bar {\n\t\t\t\t\tbackground-color: var( --vamtam-accent-color-1 );\n\t\t\t\t}\n\t\t\t<\/style>\n<h4>\n\tRoute time\n\t<\/h4>\n<h4>\n\tRoute length\n\t<\/h4>\n<h4>\n\tClimb\n\t<\/h4>\n<h4>\n\tTrip type\n\t<\/h4>\n<h4>\n\tE-bike route\n\t<\/h4>\n\t<a href=\"https:\/\/cyklotrasa.oma.sk\/-3896548\" target=\"_blank\" role=\"button\" rel=\"noopener\">\n\t\t\t\t\tVIEW INFORMATION\n\t<\/a><\/div><!-- .vgblk-rw-wrapper -->","protected":false},"excerpt":{"rendered":"<p>Discover your region with e-bikes! Bike routes in the district Rimavsk\u00e1 Sobota: Bike paths Bike paths, red color \u2192 Bike paths, blue color \u2192 Bike paths, yellow color \u2192 Bike paths, green color \u2192 Bike paths, red color 012 &#8211; Rudohorsk\u00e1 cyklomagistr\u00e1la Route:\u00a0Zvolen (Lieskovec) &#8211; Zoln\u00e1 &#8211; Hradn\u00e1 &#8211; D\u00fabravy &#8211; Kostoln\u00e1 &#8211; Detva &#8211;&#8230;<\/p>\n","protected":false},"author":1,"featured_media":0,"parent":0,"menu_order":0,"comment_status":"closed","ping_status":"closed","template":"","meta":{"inline_featured_image":false,"footnotes":""},"class_list":["post-989583","page","type-page","status-publish","hentry"],"_links":{"self":[{"href":"https:\/\/www.ebikers.sk\/en\/wp-json\/wp\/v2\/pages\/989583"}],"collection":[{"href":"https:\/\/www.ebikers.sk\/en\/wp-json\/wp\/v2\/pages"}],"about":[{"href":"https:\/\/www.ebikers.sk\/en\/wp-json\/wp\/v2\/types\/page"}],"author":[{"embeddable":true,"href":"https:\/\/www.ebikers.sk\/en\/wp-json\/wp\/v2\/users\/1"}],"replies":[{"embeddable":true,"href":"https:\/\/www.ebikers.sk\/en\/wp-json\/wp\/v2\/comments?post=989583"}],"version-history":[{"count":3,"href":"https:\/\/www.ebikers.sk\/en\/wp-json\/wp\/v2\/pages\/989583\/revisions"}],"predecessor-version":[{"id":989865,"href":"https:\/\/www.ebikers.sk\/en\/wp-json\/wp\/v2\/pages\/989583\/revisions\/989865"}],"wp:attachment":[{"href":"https:\/\/www.ebikers.sk\/en\/wp-json\/wp\/v2\/media?parent=989583"}],"curies":[{"name":"wp","href":"https:\/\/api.w.org\/{rel}","templated":true}]}}